{"id":5306,"date":"2024-11-12T19:23:54","date_gmt":"2024-11-12T17:23:54","guid":{"rendered":"https:\/\/urmepeplay.ro\/?page_id=5306"},"modified":"2026-01-10T19:00:13","modified_gmt":"2026-01-10T17:00:13","slug":"copii","status":"publish","type":"page","link":"https:\/\/urmepeplay.ro\/en\/copii\/","title":{"rendered":"Kids"},"content":{"rendered":"<div data-elementor-type=\"wp-page\" data-elementor-id=\"5306\" class=\"elementor elementor-5306\">\n\t\t\t\t\t\t<section class=\"elementor-section elementor-top-section elementor-element elementor-element-7f5775b elementor-section-boxed elementor-section-height-default elementor-section-height-default\" data-id=\"7f5775b\" data-element_type=\"section\" data-e-type=\"section\">\n\t\t\t\t\t\t<div class=\"elementor-container elementor-column-gap-extended\">\n\t\t\t\t\t<div class=\"elementor-column elementor-col-100 elementor-top-column elementor-element elementor-element-b33fc39 sc_inner_width_none sc_layouts_column_icons_position_left\" data-id=\"b33fc39\" data-element_type=\"column\" data-e-type=\"column\">\n\t\t\t<div class=\"elementor-widget-wrap elementor-element-populated\">\n\t\t\t\t\t\t<div class=\"elementor-element elementor-element-c6a33b8 elementor-widget elementor-widget-spacer\" data-id=\"c6a33b8\" data-element_type=\"widget\" data-e-type=\"widget\" data-widget_type=\"spacer.default\">\n\t\t\t\t<div class=\"elementor-widget-container\">\n\t\t\t\t\t\t\t<div class=\"elementor-spacer\">\n\t\t\t<div class=\"elementor-spacer-inner\"><\/div>\n\t\t<\/div>\n\t\t\t\t\t\t<\/div>\n\t\t\t\t<\/div>\n\t\t\t\t<div class=\"elementor-element elementor-element-729905d elementor-widget elementor-widget-heading\" data-id=\"729905d\" data-element_type=\"widget\" data-e-type=\"widget\" data-widget_type=\"heading.default\">\n\t\t\t\t<div class=\"elementor-widget-container\">\n\t\t\t\t\t<h2 class=\"elementor-heading-title elementor-size-default\">Kids<\/h2>\t\t\t\t<\/div>\n\t\t\t\t<\/div>\n\t\t\t\t<div class=\"elementor-element elementor-element-ec9e78c elementor-widget elementor-widget-spacer\" data-id=\"ec9e78c\" data-element_type=\"widget\" data-e-type=\"widget\" data-widget_type=\"spacer.default\">\n\t\t\t\t<div class=\"elementor-widget-container\">\n\t\t\t\t\t\t\t<div class=\"elementor-spacer\">\n\t\t\t<div class=\"elementor-spacer-inner\"><\/div>\n\t\t<\/div>\n\t\t\t\t\t\t<\/div>\n\t\t\t\t<\/div>\n\t\t\t\t\t<\/div>\n\t\t<\/div>\n\t\t\t\t\t<\/div>\n\t\t<\/section>\n\t\t\t\t<section class=\"elementor-section elementor-top-section elementor-element elementor-element-3e63e85 elementor-section-boxed elementor-section-height-default elementor-section-height-default\" data-id=\"3e63e85\" data-element_type=\"section\" data-e-type=\"section\">\n\t\t\t\t\t\t<div class=\"elementor-container elementor-column-gap-extended\">\n\t\t\t\t\t<div class=\"elementor-column elementor-col-100 elementor-top-column elementor-element elementor-element-e0590b9 sc_inner_width_none sc_layouts_column_icons_position_left\" data-id=\"e0590b9\" data-element_type=\"column\" data-e-type=\"column\">\n\t\t\t<div class=\"elementor-widget-wrap elementor-element-populated\">\n\t\t\t\t\t\t<div class=\"elementor-element elementor-element-87a66c6 sc_height_tiny elementor-widget elementor-widget-spacer\" data-id=\"87a66c6\" data-element_type=\"widget\" data-e-type=\"widget\" data-widget_type=\"spacer.default\">\n\t\t\t\t<div class=\"elementor-widget-container\">\n\t\t\t\t\t\t\t<div class=\"elementor-spacer\">\n\t\t\t<div class=\"elementor-spacer-inner\"><\/div>\n\t\t<\/div>\n\t\t\t\t\t\t<\/div>\n\t\t\t\t<\/div>\n\t\t\t\t<div class=\"elementor-element elementor-element-82bc8fc elementor-widget elementor-widget-text-editor\" data-id=\"82bc8fc\" data-element_type=\"widget\" data-e-type=\"widget\" data-widget_type=\"text-editor.default\">\n\t\t\t\t<div class=\"elementor-widget-container\">\n\t\t\t\t\t\t\t\t\t<p>Kids' races are adapted and divided into several age categories.<\/p><p>Cursele copiilor vor avea loc duminic\u0103, 26.04. Pentru mai multe detalii consulta\u021bi <a href=\"\/en\/regulament\/\">regulamentul<\/a>.<\/p><p>We have the following categories:<\/p>\t\t\t\t\t\t\t\t<\/div>\n\t\t\t\t<\/div>\n\t\t\t\t<div class=\"elementor-element elementor-element-3a013b0 sc_height_extra_tiny elementor-widget elementor-widget-spacer\" data-id=\"3a013b0\" data-element_type=\"widget\" data-e-type=\"widget\" data-widget_type=\"spacer.default\">\n\t\t\t\t<div class=\"elementor-widget-container\">\n\t\t\t\t\t\t\t<div class=\"elementor-spacer\">\n\t\t\t<div class=\"elementor-spacer-inner\"><\/div>\n\t\t<\/div>\n\t\t\t\t\t\t<\/div>\n\t\t\t\t<\/div>\n\t\t\t\t\t<\/div>\n\t\t<\/div>\n\t\t\t\t\t<\/div>\n\t\t<\/section>\n\t\t\t\t<section class=\"elementor-section elementor-top-section elementor-element elementor-element-4b28732 elementor-section-boxed elementor-section-height-default elementor-section-height-default\" data-id=\"4b28732\" data-element_type=\"section\" data-e-type=\"section\">\n\t\t\t\t\t\t<div class=\"elementor-container elementor-column-gap-extended\">\n\t\t\t\t\t<div class=\"elementor-column elementor-col-100 elementor-top-column elementor-element elementor-element-787b73e sc_inner_width_none sc_layouts_column_icons_position_left\" data-id=\"787b73e\" data-element_type=\"column\" data-e-type=\"column\">\n\t\t\t<div class=\"elementor-widget-wrap elementor-element-populated\">\n\t\t\t\t\t\t<div class=\"elementor-element elementor-element-3c8e00e elementor-widget elementor-widget-trx_sc_table\" data-id=\"3c8e00e\" data-element_type=\"widget\" data-e-type=\"widget\" data-widget_type=\"trx_sc_table.default\">\n\t\t\t\t<div class=\"elementor-widget-container\">\n\t\t\t\t\t<div id=\"trx_sc_table_1323360154_wrap\" class=\"sc_table_wrap\"><div id=\"trx_sc_table_1323360154\"\n\t\t\tclass=\"sc_table sc_table_default trx_addons_inline_1101656589\"><table><tbody><tr><th>Race<\/th><th>KM<\/th><th>V\u00e2rsta<\/th><th>Sex<\/th><\/tr><\/tbody><tbody><tr><td>Youth<\/td><td><a href=\"\/en\/cros\/\">Fugu\u021b<\/a><\/td><td>14-17<\/td><td>Male<\/td><\/tr><tr><td>Youth<\/td><td>Fugu\u021b<\/td><td>14-17<\/td><td>Female<\/td><\/tr><tr><td>Juniors<\/td><td>1,4<\/td><td>10-13<\/td><td>Male<\/td><\/tr><tr><td>Juniors<\/td><td>1,4<\/td><td>10-13<\/td><td>Female<\/td><\/tr><tr><td>Kids<\/td><td>0,8<\/td><td>7-9<\/td><td>Male<\/td><\/tr><tr><td>Kids<\/td><td>0,8<\/td><td>7-9<\/td><td>Female<\/td><\/tr><tr><td>Little ones<\/td><td>0,5<\/td><td>4-6<\/td><td>Male<\/td><\/tr><tr><td>Little ones<\/td><td>0,5<\/td><td>4-6<\/td><td>Female<\/td><\/tr><\/tbody><\/table><\/div><\/div><!-- \/.sc_table_wrap -->\t\t\t\t<\/div>\n\t\t\t\t<\/div>\n\t\t\t\t<div class=\"elementor-element elementor-element-bd19141 sc_height_small elementor-widget elementor-widget-spacer\" data-id=\"bd19141\" data-element_type=\"widget\" data-e-type=\"widget\" data-widget_type=\"spacer.default\">\n\t\t\t\t<div class=\"elementor-widget-container\">\n\t\t\t\t\t\t\t<div class=\"elementor-spacer\">\n\t\t\t<div class=\"elementor-spacer-inner\"><\/div>\n\t\t<\/div>\n\t\t\t\t\t\t<\/div>\n\t\t\t\t<\/div>\n\t\t\t\t\t<\/div>\n\t\t<\/div>\n\t\t\t\t\t<\/div>\n\t\t<\/section>\n\t\t\t\t<section class=\"elementor-section elementor-top-section elementor-element elementor-element-c7f1e33 elementor-section-boxed elementor-section-height-default elementor-section-height-default\" data-id=\"c7f1e33\" data-element_type=\"section\" data-e-type=\"section\">\n\t\t\t\t\t\t<div class=\"elementor-container elementor-column-gap-extended\">\n\t\t\t\t\t<div class=\"elementor-column elementor-col-100 elementor-top-column elementor-element elementor-element-3d7270f sc_inner_width_none sc_layouts_column_icons_position_left\" data-id=\"3d7270f\" data-element_type=\"column\" data-e-type=\"column\">\n\t\t\t<div class=\"elementor-widget-wrap elementor-element-populated\">\n\t\t\t\t\t\t<div class=\"elementor-element elementor-element-3e297b6 elementor-widget elementor-widget-text-editor\" data-id=\"3e297b6\" data-element_type=\"widget\" data-e-type=\"widget\" data-widget_type=\"text-editor.default\">\n\t\t\t\t<div class=\"elementor-widget-container\">\n\t\t\t\t\t\t\t\t\t<p>The children's running route will run through the village of Rasinari.<\/p>\t\t\t\t\t\t\t\t<\/div>\n\t\t\t\t<\/div>\n\t\t\t\t\t<\/div>\n\t\t<\/div>\n\t\t\t\t\t<\/div>\n\t\t<\/section>\n\t\t\t\t<\/div>","protected":false},"excerpt":{"rendered":"<p>Copii Cursele de copii sunt adaptate \u0219i \u00eemp\u0103r\u021bite pe mai multe categorii de v\u00e2rst\u0103. Cursele copiilor vor avea loc duminic\u0103, 26.04. Pentru&hellip;<\/p>","protected":false},"author":2,"featured_media":0,"parent":0,"menu_order":0,"comment_status":"closed","ping_status":"closed","template":"","meta":{"footnotes":""},"class_list":["post-5306","page","type-page","status-publish","hentry"],"yoast_head":"<!-- This site is optimized with the Yoast SEO plugin v27.5 - https:\/\/yoast.com\/product\/yoast-seo-wordpress\/ -->\n<title>Copii - Urme pe play<\/title>\n<meta name=\"robots\" content=\"index, follow, max-snippet:-1, max-image-preview:large, max-video-preview:-1\" \/>\n<link rel=\"canonical\" href=\"https:\/\/urmepeplay.ro\/en\/copii\/\" \/>\n<meta property=\"og:locale\" content=\"en_US\" \/>\n<meta property=\"og:type\" content=\"article\" \/>\n<meta property=\"og:title\" content=\"Copii - Urme pe play\" \/>\n<meta property=\"og:description\" content=\"Copii Cursele de copii sunt adaptate \u0219i \u00eemp\u0103r\u021bite pe mai multe categorii de v\u00e2rst\u0103. Cursele copiilor vor avea loc duminic\u0103, 26.04. Pentru&hellip;\" \/>\n<meta property=\"og:url\" content=\"https:\/\/urmepeplay.ro\/en\/copii\/\" \/>\n<meta property=\"og:site_name\" content=\"Urme pe play\" \/>\n<meta property=\"article:publisher\" content=\"https:\/\/www.facebook.com\/@UrmePePlay\/\" \/>\n<meta property=\"article:modified_time\" content=\"2026-01-10T17:00:13+00:00\" \/>\n<meta name=\"twitter:card\" content=\"summary_large_image\" \/>\n<meta name=\"twitter:label1\" content=\"Est. reading time\" \/>\n\t<meta name=\"twitter:data1\" content=\"1 minute\" \/>\n<script type=\"application\/ld+json\" class=\"yoast-schema-graph\">{\"@context\":\"https:\\\/\\\/schema.org\",\"@graph\":[{\"@type\":\"WebPage\",\"@id\":\"https:\\\/\\\/urmepeplay.ro\\\/copii\\\/\",\"url\":\"https:\\\/\\\/urmepeplay.ro\\\/copii\\\/\",\"name\":\"Copii - Urme pe play\",\"isPartOf\":{\"@id\":\"https:\\\/\\\/urmepeplay.ro\\\/en\\\/#website\"},\"datePublished\":\"2024-11-12T17:23:54+00:00\",\"dateModified\":\"2026-01-10T17:00:13+00:00\",\"breadcrumb\":{\"@id\":\"https:\\\/\\\/urmepeplay.ro\\\/copii\\\/#breadcrumb\"},\"inLanguage\":\"en-US\",\"potentialAction\":[{\"@type\":\"ReadAction\",\"target\":[\"https:\\\/\\\/urmepeplay.ro\\\/copii\\\/\"]}]},{\"@type\":\"BreadcrumbList\",\"@id\":\"https:\\\/\\\/urmepeplay.ro\\\/copii\\\/#breadcrumb\",\"itemListElement\":[{\"@type\":\"ListItem\",\"position\":1,\"name\":\"Home\",\"item\":\"https:\\\/\\\/urmepeplay.ro\\\/\"},{\"@type\":\"ListItem\",\"position\":2,\"name\":\"Copii\"}]},{\"@type\":\"WebSite\",\"@id\":\"https:\\\/\\\/urmepeplay.ro\\\/en\\\/#website\",\"url\":\"https:\\\/\\\/urmepeplay.ro\\\/en\\\/\",\"name\":\"Urme pe play\",\"description\":\"Urme pe play\",\"publisher\":{\"@id\":\"https:\\\/\\\/urmepeplay.ro\\\/en\\\/#organization\"},\"potentialAction\":[{\"@type\":\"SearchAction\",\"target\":{\"@type\":\"EntryPoint\",\"urlTemplate\":\"https:\\\/\\\/urmepeplay.ro\\\/en\\\/?s={search_term_string}\"},\"query-input\":{\"@type\":\"PropertyValueSpecification\",\"valueRequired\":true,\"valueName\":\"search_term_string\"}}],\"inLanguage\":\"en-US\"},{\"@type\":\"Organization\",\"@id\":\"https:\\\/\\\/urmepeplay.ro\\\/en\\\/#organization\",\"name\":\"Urme pe play\",\"url\":\"https:\\\/\\\/urmepeplay.ro\\\/en\\\/\",\"logo\":{\"@type\":\"ImageObject\",\"inLanguage\":\"en-US\",\"@id\":\"https:\\\/\\\/urmepeplay.ro\\\/en\\\/#\\\/schema\\\/logo\\\/image\\\/\",\"url\":\"https:\\\/\\\/urmepeplay.ro\\\/wp-content\\\/uploads\\\/2020\\\/02\\\/new-logo-big.svg\",\"contentUrl\":\"https:\\\/\\\/urmepeplay.ro\\\/wp-content\\\/uploads\\\/2020\\\/02\\\/new-logo-big.svg\",\"width\":320,\"height\":82,\"caption\":\"Urme pe play\"},\"image\":{\"@id\":\"https:\\\/\\\/urmepeplay.ro\\\/en\\\/#\\\/schema\\\/logo\\\/image\\\/\"},\"sameAs\":[\"https:\\\/\\\/www.facebook.com\\\/@UrmePePlay\\\/\",\"https:\\\/\\\/www.instagram.com\\\/urmepeplay\",\"https:\\\/\\\/www.youtube.com\\\/@UrmepePlay\"]}]}<\/script>\n<!-- \/ Yoast SEO plugin. -->","yoast_head_json":{"title":"Copii - Urme pe play","robots":{"index":"index","follow":"follow","max-snippet":"max-snippet:-1","max-image-preview":"max-image-preview:large","max-video-preview":"max-video-preview:-1"},"canonical":"https:\/\/urmepeplay.ro\/en\/copii\/","og_locale":"en_US","og_type":"article","og_title":"Copii - Urme pe play","og_description":"Copii Cursele de copii sunt adaptate \u0219i \u00eemp\u0103r\u021bite pe mai multe categorii de v\u00e2rst\u0103. Cursele copiilor vor avea loc duminic\u0103, 26.04. Pentru&hellip;","og_url":"https:\/\/urmepeplay.ro\/en\/copii\/","og_site_name":"Urme pe play","article_publisher":"https:\/\/www.facebook.com\/@UrmePePlay\/","article_modified_time":"2026-01-10T17:00:13+00:00","twitter_card":"summary_large_image","twitter_misc":{"Est. reading time":"1 minute"},"schema":{"@context":"https:\/\/schema.org","@graph":[{"@type":"WebPage","@id":"https:\/\/urmepeplay.ro\/copii\/","url":"https:\/\/urmepeplay.ro\/copii\/","name":"Copii - Urme pe play","isPartOf":{"@id":"https:\/\/urmepeplay.ro\/en\/#website"},"datePublished":"2024-11-12T17:23:54+00:00","dateModified":"2026-01-10T17:00:13+00:00","breadcrumb":{"@id":"https:\/\/urmepeplay.ro\/copii\/#breadcrumb"},"inLanguage":"en-US","potentialAction":[{"@type":"ReadAction","target":["https:\/\/urmepeplay.ro\/copii\/"]}]},{"@type":"BreadcrumbList","@id":"https:\/\/urmepeplay.ro\/copii\/#breadcrumb","itemListElement":[{"@type":"ListItem","position":1,"name":"Home","item":"https:\/\/urmepeplay.ro\/"},{"@type":"ListItem","position":2,"name":"Copii"}]},{"@type":"WebSite","@id":"https:\/\/urmepeplay.ro\/en\/#website","url":"https:\/\/urmepeplay.ro\/en\/","name":"Urme pe play","description":"Urme pe play","publisher":{"@id":"https:\/\/urmepeplay.ro\/en\/#organization"},"potentialAction":[{"@type":"SearchAction","target":{"@type":"EntryPoint","urlTemplate":"https:\/\/urmepeplay.ro\/en\/?s={search_term_string}"},"query-input":{"@type":"PropertyValueSpecification","valueRequired":true,"valueName":"search_term_string"}}],"inLanguage":"en-US"},{"@type":"Organization","@id":"https:\/\/urmepeplay.ro\/en\/#organization","name":"Urme pe play","url":"https:\/\/urmepeplay.ro\/en\/","logo":{"@type":"ImageObject","inLanguage":"en-US","@id":"https:\/\/urmepeplay.ro\/en\/#\/schema\/logo\/image\/","url":"https:\/\/urmepeplay.ro\/wp-content\/uploads\/2020\/02\/new-logo-big.svg","contentUrl":"https:\/\/urmepeplay.ro\/wp-content\/uploads\/2020\/02\/new-logo-big.svg","width":320,"height":82,"caption":"Urme pe play"},"image":{"@id":"https:\/\/urmepeplay.ro\/en\/#\/schema\/logo\/image\/"},"sameAs":["https:\/\/www.facebook.com\/@UrmePePlay\/","https:\/\/www.instagram.com\/urmepeplay","https:\/\/www.youtube.com\/@UrmepePlay"]}]}},"_links":{"self":[{"href":"https:\/\/urmepeplay.ro\/en\/wp-json\/wp\/v2\/pages\/5306","targetHints":{"allow":["GET"]}}],"collection":[{"href":"https:\/\/urmepeplay.ro\/en\/wp-json\/wp\/v2\/pages"}],"about":[{"href":"https:\/\/urmepeplay.ro\/en\/wp-json\/wp\/v2\/types\/page"}],"author":[{"embeddable":true,"href":"https:\/\/urmepeplay.ro\/en\/wp-json\/wp\/v2\/users\/2"}],"replies":[{"embeddable":true,"href":"https:\/\/urmepeplay.ro\/en\/wp-json\/wp\/v2\/comments?post=5306"}],"version-history":[{"count":28,"href":"https:\/\/urmepeplay.ro\/en\/wp-json\/wp\/v2\/pages\/5306\/revisions"}],"predecessor-version":[{"id":9292,"href":"https:\/\/urmepeplay.ro\/en\/wp-json\/wp\/v2\/pages\/5306\/revisions\/9292"}],"wp:attachment":[{"href":"https:\/\/urmepeplay.ro\/en\/wp-json\/wp\/v2\/media?parent=5306"}],"curies":[{"name":"wp","href":"https:\/\/api.w.org\/{rel}","templated":true}]}}