{"id":7292,"date":"2025-03-08T21:22:35","date_gmt":"2025-03-08T19:22:35","guid":{"rendered":"https:\/\/urmepeplay.ro\/?page_id=7292"},"modified":"2025-03-20T01:05:23","modified_gmt":"2025-03-19T23:05:23","slug":"redirectioneaza-3-5","status":"publish","type":"page","link":"https:\/\/urmepeplay.ro\/en\/redirectioneaza-3-5\/","title":{"rendered":"Redirect 3.5%"},"content":{"rendered":"<div data-elementor-type=\"wp-page\" data-elementor-id=\"7292\" class=\"elementor elementor-7292\">\n\t\t\t\t\t\t<section class=\"elementor-section elementor-top-section elementor-element elementor-element-82157b5 elementor-section-boxed elementor-section-height-default elementor-section-height-default\" data-id=\"82157b5\" data-element_type=\"section\" data-e-type=\"section\">\n\t\t\t\t\t\t<div class=\"elementor-container elementor-column-gap-extended\">\n\t\t\t\t\t<div class=\"elementor-column elementor-col-100 elementor-top-column elementor-element elementor-element-08f4dba sc_inner_width_none sc_layouts_column_icons_position_left\" data-id=\"08f4dba\" data-element_type=\"column\" data-e-type=\"column\">\n\t\t\t<div class=\"elementor-widget-wrap elementor-element-populated\">\n\t\t\t\t\t\t<div class=\"elementor-element elementor-element-574af47 sc_height_medium elementor-widget elementor-widget-spacer\" data-id=\"574af47\" data-element_type=\"widget\" data-e-type=\"widget\" data-widget_type=\"spacer.default\">\n\t\t\t\t<div class=\"elementor-widget-container\">\n\t\t\t\t\t\t\t<div class=\"elementor-spacer\">\n\t\t\t<div class=\"elementor-spacer-inner\"><\/div>\n\t\t<\/div>\n\t\t\t\t\t\t<\/div>\n\t\t\t\t<\/div>\n\t\t\t\t<div class=\"elementor-element elementor-element-9a95270 elementor-widget elementor-widget-trx_sc_title\" data-id=\"9a95270\" data-element_type=\"widget\" data-e-type=\"widget\" data-widget_type=\"trx_sc_title.default\">\n\t\t\t\t<div class=\"elementor-widget-container\">\n\t\t\t\t\t<div id=\"trx_sc_title_1481787755\"\n\t\tclass=\"sc_title sc_title_default\"><h2 class=\"sc_item_title sc_title_title sc_align_none sc_item_title_style_default\">Redirect 3.5%<\/h2><div class=\"sc_item_descr sc_title_descr sc_align_none\"><p><a href=\"https:\/\/redirectioneaza.ro\/asociatia-clubul-sportiv-montan-sibiu\/\">https:\/\/redirectioneaza.ro\/asociatia-clubul-sportiv-montan-sibiu\/<\/a><\/p>\n<\/div><\/div><!-- \/.sc_title -->\t\t\t\t<\/div>\n\t\t\t\t<\/div>\n\t\t\t\t<div class=\"elementor-element elementor-element-60280e0 sc_height_tiny elementor-widget elementor-widget-spacer\" data-id=\"60280e0\" data-element_type=\"widget\" data-e-type=\"widget\" data-widget_type=\"spacer.default\">\n\t\t\t\t<div class=\"elementor-widget-container\">\n\t\t\t\t\t\t\t<div class=\"elementor-spacer\">\n\t\t\t<div class=\"elementor-spacer-inner\"><\/div>\n\t\t<\/div>\n\t\t\t\t\t\t<\/div>\n\t\t\t\t<\/div>\n\t\t\t\t\t<\/div>\n\t\t<\/div>\n\t\t\t\t\t<\/div>\n\t\t<\/section>\n\t\t\t\t<section class=\"elementor-section elementor-top-section elementor-element elementor-element-e7d1cbe elementor-section-boxed elementor-section-height-default elementor-section-height-default\" data-id=\"e7d1cbe\" data-element_type=\"section\" data-e-type=\"section\">\n\t\t\t\t\t\t<div class=\"elementor-container elementor-column-gap-extended\">\n\t\t\t\t\t<div class=\"elementor-column elementor-col-100 elementor-top-column elementor-element elementor-element-c445b82 sc_inner_width_none sc_layouts_column_icons_position_left\" data-id=\"c445b82\" data-element_type=\"column\" data-e-type=\"column\">\n\t\t\t<div class=\"elementor-widget-wrap elementor-element-populated\">\n\t\t\t\t\t\t<div class=\"elementor-element elementor-element-836628c elementor-widget elementor-widget-text-editor\" data-id=\"836628c\" data-element_type=\"widget\" data-e-type=\"widget\" data-widget_type=\"text-editor.default\">\n\t\t\t\t<div class=\"elementor-widget-container\">\n\t\t\t\t\t\t\t\t\t<p><strong>Redirect 3.5% of your income tax and support our activities!<\/strong><\/p><p>If you have income from salaries or pensions greater than 2000 lei, you can direct <strong>3.5% of your tax<\/strong> towards <strong>Asocia\u021bia Clubul Sportiv Montan Sibiu<\/strong>, at no cost to you! This amount, already paid by the employer to the state, can directly contribute to the development of our projects and mountain sports.<\/p><p>\ud83d\udcc5 The deadline for completing the form is May 25, 2025.<\/p><h5><strong>How can you redirect 3.5%?<\/strong><\/h5><ol><li><strong>Fill out Form 230<\/strong> \u2013 You can find the pre-filled form by clicking the button below:<br \/><br \/><p><a href=\"https:\/\/redirectioneaza.ro\/asociatia-clubul-sportiv-montan-sibiu\/\" target=\"_blank\" rel=\"noopener\"><button>\ud83d\udc49 Redirect now  \ud83d\udc48<\/button><\/a><br \/><br \/><\/p><\/li><li><strong>Sign the form<\/strong> \u2013 You can fill in your personal data and sign digitally or on paper.<\/li><li><strong>That's all!<\/strong> \u2013 We take care of this. The platform sends us the form you filled out and we submit it to ANAF.<\/li><\/ol><h5><strong>Why redirect 3.5%?<\/strong><\/h5><ul style=\"list-style-type: none;\"><li>\u2714 It costs you nothing \u2013 this amount has already been transferred to the state by your employer anyway.<\/li><li>\u2714 Takes under a minute.<\/li><li class=\"translation-block\">\u2714 Support our <a href=\"\/en\/despre-concurs\/\" target=\"_self\">activities<\/a> dedicated to mountain sports and young adventure enthusiasts.<\/li><li>\u2714 It's a simple gesture that can have a big impact!<\/li><\/ul><p>Thank you for your support! \ud83d\ude4c<\/p>\t\t\t\t\t\t\t\t<\/div>\n\t\t\t\t<\/div>\n\t\t\t\t\t<\/div>\n\t\t<\/div>\n\t\t\t\t\t<\/div>\n\t\t<\/section>\n\t\t\t\t<section class=\"elementor-section elementor-top-section elementor-element elementor-element-f3188f1 elementor-section-boxed elementor-section-height-default elementor-section-height-default\" data-id=\"f3188f1\" data-element_type=\"section\" data-e-type=\"section\">\n\t\t\t\t\t\t<div class=\"elementor-container elementor-column-gap-extended\">\n\t\t\t\t\t<div class=\"elementor-column elementor-col-100 elementor-top-column elementor-element elementor-element-555eab9 sc_inner_width_none sc_layouts_column_icons_position_left\" data-id=\"555eab9\" data-element_type=\"column\" data-e-type=\"column\">\n\t\t\t<div class=\"elementor-widget-wrap elementor-element-populated\">\n\t\t\t\t\t\t<div class=\"elementor-element elementor-element-4d5c67f elementor-widget elementor-widget-spacer\" data-id=\"4d5c67f\" data-element_type=\"widget\" data-e-type=\"widget\" data-widget_type=\"spacer.default\">\n\t\t\t\t<div class=\"elementor-widget-container\">\n\t\t\t\t\t\t\t<div class=\"elementor-spacer\">\n\t\t\t<div class=\"elementor-spacer-inner\"><\/div>\n\t\t<\/div>\n\t\t\t\t\t\t<\/div>\n\t\t\t\t<\/div>\n\t\t\t\t\t<\/div>\n\t\t<\/div>\n\t\t\t\t\t<\/div>\n\t\t<\/section>\n\t\t\t\t<\/div>","protected":false},"excerpt":{"rendered":"<p>Redirec\u021bioneaz\u0103 3.5% https:\/\/redirectioneaza.ro\/asociatia-clubul-sportiv-montan-sibiu\/ Redirec\u021bioneaz\u0103 3.5% din impozitul pe venit \u0219i sus\u021bine activit\u0103\u021bile noastre! Dac\u0103 ai venituri din salarii sau pensii mai mari&hellip;<\/p>","protected":false},"author":2,"featured_media":0,"parent":0,"menu_order":0,"comment_status":"closed","ping_status":"closed","template":"","meta":{"footnotes":""},"class_list":["post-7292","page","type-page","status-publish","hentry"],"yoast_head":"<!-- This site is optimized with the Yoast SEO plugin v27.4 - https:\/\/yoast.com\/product\/yoast-seo-wordpress\/ -->\n<title>Redirec\u021bioneaz\u0103 3.5% - Urme pe play<\/title>\n<meta name=\"description\" content=\"Redirec\u021bioneaz\u0103 3.5% din impozitul pe venit \u0219i sus\u021bine activit\u0103\u021bile noastre f\u0103r\u0103 niciun cost pentru tine! Dureaz\u0103 sub un minut.\" \/>\n<meta name=\"robots\" content=\"index, follow, max-snippet:-1, max-image-preview:large, max-video-preview:-1\" \/>\n<link rel=\"canonical\" href=\"https:\/\/urmepeplay.ro\/en\/redirectioneaza-3-5\/\" \/>\n<meta property=\"og:locale\" content=\"en_US\" \/>\n<meta property=\"og:type\" content=\"article\" \/>\n<meta property=\"og:title\" content=\"Redirec\u021bioneaz\u0103 3.5% - Urme pe play\" \/>\n<meta property=\"og:description\" content=\"Redirec\u021bioneaz\u0103 3.5% din impozitul pe venit \u0219i sus\u021bine activit\u0103\u021bile noastre f\u0103r\u0103 niciun cost pentru tine! Dureaz\u0103 sub un minut.\" \/>\n<meta property=\"og:url\" content=\"https:\/\/urmepeplay.ro\/en\/redirectioneaza-3-5\/\" \/>\n<meta property=\"og:site_name\" content=\"Urme pe play\" \/>\n<meta property=\"article:publisher\" content=\"https:\/\/www.facebook.com\/@UrmePePlay\/\" \/>\n<meta property=\"article:modified_time\" content=\"2025-03-19T23:05:23+00:00\" \/>\n<meta name=\"twitter:card\" content=\"summary_large_image\" \/>\n<meta name=\"twitter:label1\" content=\"Est. reading time\" \/>\n\t<meta name=\"twitter:data1\" content=\"1 minute\" \/>\n<script type=\"application\/ld+json\" class=\"yoast-schema-graph\">{\"@context\":\"https:\\\/\\\/schema.org\",\"@graph\":[{\"@type\":\"WebPage\",\"@id\":\"https:\\\/\\\/urmepeplay.ro\\\/redirectioneaza-3-5\\\/\",\"url\":\"https:\\\/\\\/urmepeplay.ro\\\/redirectioneaza-3-5\\\/\",\"name\":\"Redirec\u021bioneaz\u0103 3.5% - Urme pe play\",\"isPartOf\":{\"@id\":\"https:\\\/\\\/urmepeplay.ro\\\/en\\\/#website\"},\"datePublished\":\"2025-03-08T19:22:35+00:00\",\"dateModified\":\"2025-03-19T23:05:23+00:00\",\"description\":\"Redirec\u021bioneaz\u0103 3.5% din impozitul pe venit \u0219i sus\u021bine activit\u0103\u021bile noastre f\u0103r\u0103 niciun cost pentru tine! Dureaz\u0103 sub un minut.\",\"breadcrumb\":{\"@id\":\"https:\\\/\\\/urmepeplay.ro\\\/redirectioneaza-3-5\\\/#breadcrumb\"},\"inLanguage\":\"en-US\",\"potentialAction\":[{\"@type\":\"ReadAction\",\"target\":[\"https:\\\/\\\/urmepeplay.ro\\\/redirectioneaza-3-5\\\/\"]}]},{\"@type\":\"BreadcrumbList\",\"@id\":\"https:\\\/\\\/urmepeplay.ro\\\/redirectioneaza-3-5\\\/#breadcrumb\",\"itemListElement\":[{\"@type\":\"ListItem\",\"position\":1,\"name\":\"Home\",\"item\":\"https:\\\/\\\/urmepeplay.ro\\\/\"},{\"@type\":\"ListItem\",\"position\":2,\"name\":\"Redirec\u021bioneaz\u0103 3.5%\"}]},{\"@type\":\"WebSite\",\"@id\":\"https:\\\/\\\/urmepeplay.ro\\\/en\\\/#website\",\"url\":\"https:\\\/\\\/urmepeplay.ro\\\/en\\\/\",\"name\":\"Urme pe play\",\"description\":\"Urme pe play\",\"publisher\":{\"@id\":\"https:\\\/\\\/urmepeplay.ro\\\/en\\\/#organization\"},\"potentialAction\":[{\"@type\":\"SearchAction\",\"target\":{\"@type\":\"EntryPoint\",\"urlTemplate\":\"https:\\\/\\\/urmepeplay.ro\\\/en\\\/?s={search_term_string}\"},\"query-input\":{\"@type\":\"PropertyValueSpecification\",\"valueRequired\":true,\"valueName\":\"search_term_string\"}}],\"inLanguage\":\"en-US\"},{\"@type\":\"Organization\",\"@id\":\"https:\\\/\\\/urmepeplay.ro\\\/en\\\/#organization\",\"name\":\"Urme pe play\",\"url\":\"https:\\\/\\\/urmepeplay.ro\\\/en\\\/\",\"logo\":{\"@type\":\"ImageObject\",\"inLanguage\":\"en-US\",\"@id\":\"https:\\\/\\\/urmepeplay.ro\\\/en\\\/#\\\/schema\\\/logo\\\/image\\\/\",\"url\":\"https:\\\/\\\/urmepeplay.ro\\\/wp-content\\\/uploads\\\/2020\\\/02\\\/new-logo-big.svg\",\"contentUrl\":\"https:\\\/\\\/urmepeplay.ro\\\/wp-content\\\/uploads\\\/2020\\\/02\\\/new-logo-big.svg\",\"width\":320,\"height\":82,\"caption\":\"Urme pe play\"},\"image\":{\"@id\":\"https:\\\/\\\/urmepeplay.ro\\\/en\\\/#\\\/schema\\\/logo\\\/image\\\/\"},\"sameAs\":[\"https:\\\/\\\/www.facebook.com\\\/@UrmePePlay\\\/\",\"https:\\\/\\\/www.instagram.com\\\/urmepeplay\",\"https:\\\/\\\/www.youtube.com\\\/@UrmepePlay\"]}]}<\/script>\n<!-- \/ Yoast SEO plugin. -->","yoast_head_json":{"title":"Redirec\u021bioneaz\u0103 3.5% - Urme pe play","description":"Redirec\u021bioneaz\u0103 3.5% din impozitul pe venit \u0219i sus\u021bine activit\u0103\u021bile noastre f\u0103r\u0103 niciun cost pentru tine! Dureaz\u0103 sub un minut.","robots":{"index":"index","follow":"follow","max-snippet":"max-snippet:-1","max-image-preview":"max-image-preview:large","max-video-preview":"max-video-preview:-1"},"canonical":"https:\/\/urmepeplay.ro\/en\/redirectioneaza-3-5\/","og_locale":"en_US","og_type":"article","og_title":"Redirec\u021bioneaz\u0103 3.5% - Urme pe play","og_description":"Redirec\u021bioneaz\u0103 3.5% din impozitul pe venit \u0219i sus\u021bine activit\u0103\u021bile noastre f\u0103r\u0103 niciun cost pentru tine! Dureaz\u0103 sub un minut.","og_url":"https:\/\/urmepeplay.ro\/en\/redirectioneaza-3-5\/","og_site_name":"Urme pe play","article_publisher":"https:\/\/www.facebook.com\/@UrmePePlay\/","article_modified_time":"2025-03-19T23:05:23+00:00","twitter_card":"summary_large_image","twitter_misc":{"Est. reading time":"1 minute"},"schema":{"@context":"https:\/\/schema.org","@graph":[{"@type":"WebPage","@id":"https:\/\/urmepeplay.ro\/redirectioneaza-3-5\/","url":"https:\/\/urmepeplay.ro\/redirectioneaza-3-5\/","name":"Redirec\u021bioneaz\u0103 3.5% - Urme pe play","isPartOf":{"@id":"https:\/\/urmepeplay.ro\/en\/#website"},"datePublished":"2025-03-08T19:22:35+00:00","dateModified":"2025-03-19T23:05:23+00:00","description":"Redirec\u021bioneaz\u0103 3.5% din impozitul pe venit \u0219i sus\u021bine activit\u0103\u021bile noastre f\u0103r\u0103 niciun cost pentru tine! Dureaz\u0103 sub un minut.","breadcrumb":{"@id":"https:\/\/urmepeplay.ro\/redirectioneaza-3-5\/#breadcrumb"},"inLanguage":"en-US","potentialAction":[{"@type":"ReadAction","target":["https:\/\/urmepeplay.ro\/redirectioneaza-3-5\/"]}]},{"@type":"BreadcrumbList","@id":"https:\/\/urmepeplay.ro\/redirectioneaza-3-5\/#breadcrumb","itemListElement":[{"@type":"ListItem","position":1,"name":"Home","item":"https:\/\/urmepeplay.ro\/"},{"@type":"ListItem","position":2,"name":"Redirec\u021bioneaz\u0103 3.5%"}]},{"@type":"WebSite","@id":"https:\/\/urmepeplay.ro\/en\/#website","url":"https:\/\/urmepeplay.ro\/en\/","name":"Urme pe play","description":"Urme pe play","publisher":{"@id":"https:\/\/urmepeplay.ro\/en\/#organization"},"potentialAction":[{"@type":"SearchAction","target":{"@type":"EntryPoint","urlTemplate":"https:\/\/urmepeplay.ro\/en\/?s={search_term_string}"},"query-input":{"@type":"PropertyValueSpecification","valueRequired":true,"valueName":"search_term_string"}}],"inLanguage":"en-US"},{"@type":"Organization","@id":"https:\/\/urmepeplay.ro\/en\/#organization","name":"Urme pe play","url":"https:\/\/urmepeplay.ro\/en\/","logo":{"@type":"ImageObject","inLanguage":"en-US","@id":"https:\/\/urmepeplay.ro\/en\/#\/schema\/logo\/image\/","url":"https:\/\/urmepeplay.ro\/wp-content\/uploads\/2020\/02\/new-logo-big.svg","contentUrl":"https:\/\/urmepeplay.ro\/wp-content\/uploads\/2020\/02\/new-logo-big.svg","width":320,"height":82,"caption":"Urme pe play"},"image":{"@id":"https:\/\/urmepeplay.ro\/en\/#\/schema\/logo\/image\/"},"sameAs":["https:\/\/www.facebook.com\/@UrmePePlay\/","https:\/\/www.instagram.com\/urmepeplay","https:\/\/www.youtube.com\/@UrmepePlay"]}]}},"_links":{"self":[{"href":"https:\/\/urmepeplay.ro\/en\/wp-json\/wp\/v2\/pages\/7292","targetHints":{"allow":["GET"]}}],"collection":[{"href":"https:\/\/urmepeplay.ro\/en\/wp-json\/wp\/v2\/pages"}],"about":[{"href":"https:\/\/urmepeplay.ro\/en\/wp-json\/wp\/v2\/types\/page"}],"author":[{"embeddable":true,"href":"https:\/\/urmepeplay.ro\/en\/wp-json\/wp\/v2\/users\/2"}],"replies":[{"embeddable":true,"href":"https:\/\/urmepeplay.ro\/en\/wp-json\/wp\/v2\/comments?post=7292"}],"version-history":[{"count":37,"href":"https:\/\/urmepeplay.ro\/en\/wp-json\/wp\/v2\/pages\/7292\/revisions"}],"predecessor-version":[{"id":7453,"href":"https:\/\/urmepeplay.ro\/en\/wp-json\/wp\/v2\/pages\/7292\/revisions\/7453"}],"wp:attachment":[{"href":"https:\/\/urmepeplay.ro\/en\/wp-json\/wp\/v2\/media?parent=7292"}],"curies":[{"name":"wp","href":"https:\/\/api.w.org\/{rel}","templated":true}]}}