{"id":7322,"date":"2025-03-11T00:03:00","date_gmt":"2025-03-10T22:03:00","guid":{"rendered":"https:\/\/urmepeplay.ro\/?page_id=7322"},"modified":"2025-03-11T00:11:09","modified_gmt":"2025-03-10T22:11:09","slug":"sponsorizari","status":"publish","type":"page","link":"https:\/\/urmepeplay.ro\/en\/sponsorizari\/","title":{"rendered":"Sponsorship"},"content":{"rendered":"<div data-elementor-type=\"wp-page\" data-elementor-id=\"7322\" class=\"elementor elementor-7322\">\n\t\t\t\t\t\t<section class=\"elementor-section elementor-top-section elementor-element elementor-element-86c4c87 elementor-section-boxed elementor-section-height-default elementor-section-height-default\" data-id=\"86c4c87\" data-element_type=\"section\" data-e-type=\"section\">\n\t\t\t\t\t\t<div class=\"elementor-container elementor-column-gap-extended\">\n\t\t\t\t\t<div class=\"elementor-column elementor-col-100 elementor-top-column elementor-element elementor-element-9608004 sc_inner_width_none sc_layouts_column_icons_position_left\" data-id=\"9608004\" data-element_type=\"column\" data-e-type=\"column\">\n\t\t\t<div class=\"elementor-widget-wrap elementor-element-populated\">\n\t\t\t\t\t\t<div class=\"elementor-element elementor-element-8d9af8f elementor-widget elementor-widget-spacer\" data-id=\"8d9af8f\" data-element_type=\"widget\" data-e-type=\"widget\" data-widget_type=\"spacer.default\">\n\t\t\t\t<div class=\"elementor-widget-container\">\n\t\t\t\t\t\t\t<div class=\"elementor-spacer\">\n\t\t\t<div class=\"elementor-spacer-inner\"><\/div>\n\t\t<\/div>\n\t\t\t\t\t\t<\/div>\n\t\t\t\t<\/div>\n\t\t\t\t<div class=\"elementor-element elementor-element-4ad5d1a elementor-widget elementor-widget-heading\" data-id=\"4ad5d1a\" data-element_type=\"widget\" data-e-type=\"widget\" data-widget_type=\"heading.default\">\n\t\t\t\t<div class=\"elementor-widget-container\">\n\t\t\t\t\t<h2 class=\"elementor-heading-title elementor-size-default\">sponsoriz\u0103ri<\/h2>\t\t\t\t<\/div>\n\t\t\t\t<\/div>\n\t\t\t\t<div class=\"elementor-element elementor-element-8ffa86d sc_height_medium elementor-widget elementor-widget-spacer\" data-id=\"8ffa86d\" data-element_type=\"widget\" data-e-type=\"widget\" data-widget_type=\"spacer.default\">\n\t\t\t\t<div class=\"elementor-widget-container\">\n\t\t\t\t\t\t\t<div class=\"elementor-spacer\">\n\t\t\t<div class=\"elementor-spacer-inner\"><\/div>\n\t\t<\/div>\n\t\t\t\t\t\t<\/div>\n\t\t\t\t<\/div>\n\t\t\t\t\t<\/div>\n\t\t<\/div>\n\t\t\t\t\t<\/div>\n\t\t<\/section>\n\t\t\t\t<section class=\"elementor-section elementor-top-section elementor-element elementor-element-2a49676d elementor-section-boxed elementor-section-height-default elementor-section-height-default\" data-id=\"2a49676d\" data-element_type=\"section\" data-e-type=\"section\">\n\t\t\t\t\t\t<div class=\"elementor-container elementor-column-gap-extended\">\n\t\t\t\t\t<div class=\"elementor-column elementor-col-100 elementor-top-column elementor-element elementor-element-577a4036 sc_inner_width_none sc_layouts_column_icons_position_left\" data-id=\"577a4036\" data-element_type=\"column\" data-e-type=\"column\">\n\t\t\t<div class=\"elementor-widget-wrap elementor-element-populated\">\n\t\t\t\t\t\t<div class=\"elementor-element elementor-element-5b4f5798 elementor-widget elementor-widget-text-editor\" data-id=\"5b4f5798\" data-element_type=\"widget\" data-e-type=\"widget\" data-widget_type=\"text-editor.default\">\n\t\t\t\t<div class=\"elementor-widget-container\">\n\t\t\t\t\t\t\t\t\t\n<p class=\"translation-block\">If you like what we do and want to collaborate in a way that benefits both parties through sponsorship, we invite you to write to us at <a href=\"mailto:financiar@urmepeplay.ro\" target=\"_self\">financiar@urmepeplay.ro<\/a> or contact us by phone at <a href=\"tel:+40 799 312 072\" target=\"_self\">+40 799 312 072<\/a><\/p>\n\t\t\t\t\t\t\t\t<\/div>\n\t\t\t\t<\/div>\n\t\t\t\t<div class=\"elementor-element elementor-element-35d6e63 sc_height_medium elementor-widget elementor-widget-spacer\" data-id=\"35d6e63\" data-element_type=\"widget\" data-e-type=\"widget\" data-widget_type=\"spacer.default\">\n\t\t\t\t<div class=\"elementor-widget-container\">\n\t\t\t\t\t\t\t<div class=\"elementor-spacer\">\n\t\t\t<div class=\"elementor-spacer-inner\"><\/div>\n\t\t<\/div>\n\t\t\t\t\t\t<\/div>\n\t\t\t\t<\/div>\n\t\t\t\t\t<\/div>\n\t\t<\/div>\n\t\t\t\t\t<\/div>\n\t\t<\/section>\n\t\t\t\t<\/div>","protected":false},"excerpt":{"rendered":"<p>sponsoriz\u0103ri Dac\u0103 \u00ee\u021bi place ceea ce facem \u0219i vrei s\u0103 colabor\u0103m \u00eentr-un mod care s\u0103 aduc\u0103 beneficii ambelor p\u0103r\u021bi printr-o sponsorizare, te&hellip;<\/p>","protected":false},"author":2,"featured_media":0,"parent":0,"menu_order":0,"comment_status":"closed","ping_status":"closed","template":"","meta":{"footnotes":""},"class_list":["post-7322","page","type-page","status-publish","hentry"],"yoast_head":"<!-- This site is optimized with the Yoast SEO plugin v27.4 - https:\/\/yoast.com\/product\/yoast-seo-wordpress\/ -->\n<title>Sponsoriz\u0103ri - Urme pe play<\/title>\n<meta name=\"robots\" content=\"index, follow, max-snippet:-1, max-image-preview:large, max-video-preview:-1\" \/>\n<link rel=\"canonical\" href=\"https:\/\/urmepeplay.ro\/en\/sponsorizari\/\" \/>\n<meta property=\"og:locale\" content=\"en_US\" \/>\n<meta property=\"og:type\" content=\"article\" \/>\n<meta property=\"og:title\" content=\"Sponsoriz\u0103ri - Urme pe play\" \/>\n<meta property=\"og:description\" content=\"sponsoriz\u0103ri Dac\u0103 \u00ee\u021bi place ceea ce facem \u0219i vrei s\u0103 colabor\u0103m \u00eentr-un mod care s\u0103 aduc\u0103 beneficii ambelor p\u0103r\u021bi printr-o sponsorizare, te&hellip;\" \/>\n<meta property=\"og:url\" content=\"https:\/\/urmepeplay.ro\/en\/sponsorizari\/\" \/>\n<meta property=\"og:site_name\" content=\"Urme pe play\" \/>\n<meta property=\"article:publisher\" content=\"https:\/\/www.facebook.com\/@UrmePePlay\/\" \/>\n<meta property=\"article:modified_time\" content=\"2025-03-10T22:11:09+00:00\" \/>\n<meta name=\"twitter:card\" content=\"summary_large_image\" \/>\n<meta name=\"twitter:label1\" content=\"Est. reading time\" \/>\n\t<meta name=\"twitter:data1\" content=\"1 minute\" \/>\n<script type=\"application\/ld+json\" class=\"yoast-schema-graph\">{\"@context\":\"https:\\\/\\\/schema.org\",\"@graph\":[{\"@type\":\"WebPage\",\"@id\":\"https:\\\/\\\/urmepeplay.ro\\\/sponsorizari\\\/\",\"url\":\"https:\\\/\\\/urmepeplay.ro\\\/sponsorizari\\\/\",\"name\":\"Sponsoriz\u0103ri - Urme pe play\",\"isPartOf\":{\"@id\":\"https:\\\/\\\/urmepeplay.ro\\\/en\\\/#website\"},\"datePublished\":\"2025-03-10T22:03:00+00:00\",\"dateModified\":\"2025-03-10T22:11:09+00:00\",\"breadcrumb\":{\"@id\":\"https:\\\/\\\/urmepeplay.ro\\\/sponsorizari\\\/#breadcrumb\"},\"inLanguage\":\"en-US\",\"potentialAction\":[{\"@type\":\"ReadAction\",\"target\":[\"https:\\\/\\\/urmepeplay.ro\\\/sponsorizari\\\/\"]}]},{\"@type\":\"BreadcrumbList\",\"@id\":\"https:\\\/\\\/urmepeplay.ro\\\/sponsorizari\\\/#breadcrumb\",\"itemListElement\":[{\"@type\":\"ListItem\",\"position\":1,\"name\":\"Home\",\"item\":\"https:\\\/\\\/urmepeplay.ro\\\/\"},{\"@type\":\"ListItem\",\"position\":2,\"name\":\"Sponsoriz\u0103ri\"}]},{\"@type\":\"WebSite\",\"@id\":\"https:\\\/\\\/urmepeplay.ro\\\/en\\\/#website\",\"url\":\"https:\\\/\\\/urmepeplay.ro\\\/en\\\/\",\"name\":\"Urme pe play\",\"description\":\"Urme pe play\",\"publisher\":{\"@id\":\"https:\\\/\\\/urmepeplay.ro\\\/en\\\/#organization\"},\"potentialAction\":[{\"@type\":\"SearchAction\",\"target\":{\"@type\":\"EntryPoint\",\"urlTemplate\":\"https:\\\/\\\/urmepeplay.ro\\\/en\\\/?s={search_term_string}\"},\"query-input\":{\"@type\":\"PropertyValueSpecification\",\"valueRequired\":true,\"valueName\":\"search_term_string\"}}],\"inLanguage\":\"en-US\"},{\"@type\":\"Organization\",\"@id\":\"https:\\\/\\\/urmepeplay.ro\\\/en\\\/#organization\",\"name\":\"Urme pe play\",\"url\":\"https:\\\/\\\/urmepeplay.ro\\\/en\\\/\",\"logo\":{\"@type\":\"ImageObject\",\"inLanguage\":\"en-US\",\"@id\":\"https:\\\/\\\/urmepeplay.ro\\\/en\\\/#\\\/schema\\\/logo\\\/image\\\/\",\"url\":\"https:\\\/\\\/urmepeplay.ro\\\/wp-content\\\/uploads\\\/2020\\\/02\\\/new-logo-big.svg\",\"contentUrl\":\"https:\\\/\\\/urmepeplay.ro\\\/wp-content\\\/uploads\\\/2020\\\/02\\\/new-logo-big.svg\",\"width\":320,\"height\":82,\"caption\":\"Urme pe play\"},\"image\":{\"@id\":\"https:\\\/\\\/urmepeplay.ro\\\/en\\\/#\\\/schema\\\/logo\\\/image\\\/\"},\"sameAs\":[\"https:\\\/\\\/www.facebook.com\\\/@UrmePePlay\\\/\",\"https:\\\/\\\/www.instagram.com\\\/urmepeplay\",\"https:\\\/\\\/www.youtube.com\\\/@UrmepePlay\"]}]}<\/script>\n<!-- \/ Yoast SEO plugin. -->","yoast_head_json":{"title":"Sponsoriz\u0103ri - Urme pe play","robots":{"index":"index","follow":"follow","max-snippet":"max-snippet:-1","max-image-preview":"max-image-preview:large","max-video-preview":"max-video-preview:-1"},"canonical":"https:\/\/urmepeplay.ro\/en\/sponsorizari\/","og_locale":"en_US","og_type":"article","og_title":"Sponsoriz\u0103ri - Urme pe play","og_description":"sponsoriz\u0103ri Dac\u0103 \u00ee\u021bi place ceea ce facem \u0219i vrei s\u0103 colabor\u0103m \u00eentr-un mod care s\u0103 aduc\u0103 beneficii ambelor p\u0103r\u021bi printr-o sponsorizare, te&hellip;","og_url":"https:\/\/urmepeplay.ro\/en\/sponsorizari\/","og_site_name":"Urme pe play","article_publisher":"https:\/\/www.facebook.com\/@UrmePePlay\/","article_modified_time":"2025-03-10T22:11:09+00:00","twitter_card":"summary_large_image","twitter_misc":{"Est. reading time":"1 minute"},"schema":{"@context":"https:\/\/schema.org","@graph":[{"@type":"WebPage","@id":"https:\/\/urmepeplay.ro\/sponsorizari\/","url":"https:\/\/urmepeplay.ro\/sponsorizari\/","name":"Sponsoriz\u0103ri - Urme pe play","isPartOf":{"@id":"https:\/\/urmepeplay.ro\/en\/#website"},"datePublished":"2025-03-10T22:03:00+00:00","dateModified":"2025-03-10T22:11:09+00:00","breadcrumb":{"@id":"https:\/\/urmepeplay.ro\/sponsorizari\/#breadcrumb"},"inLanguage":"en-US","potentialAction":[{"@type":"ReadAction","target":["https:\/\/urmepeplay.ro\/sponsorizari\/"]}]},{"@type":"BreadcrumbList","@id":"https:\/\/urmepeplay.ro\/sponsorizari\/#breadcrumb","itemListElement":[{"@type":"ListItem","position":1,"name":"Home","item":"https:\/\/urmepeplay.ro\/"},{"@type":"ListItem","position":2,"name":"Sponsoriz\u0103ri"}]},{"@type":"WebSite","@id":"https:\/\/urmepeplay.ro\/en\/#website","url":"https:\/\/urmepeplay.ro\/en\/","name":"Urme pe play","description":"Urme pe play","publisher":{"@id":"https:\/\/urmepeplay.ro\/en\/#organization"},"potentialAction":[{"@type":"SearchAction","target":{"@type":"EntryPoint","urlTemplate":"https:\/\/urmepeplay.ro\/en\/?s={search_term_string}"},"query-input":{"@type":"PropertyValueSpecification","valueRequired":true,"valueName":"search_term_string"}}],"inLanguage":"en-US"},{"@type":"Organization","@id":"https:\/\/urmepeplay.ro\/en\/#organization","name":"Urme pe play","url":"https:\/\/urmepeplay.ro\/en\/","logo":{"@type":"ImageObject","inLanguage":"en-US","@id":"https:\/\/urmepeplay.ro\/en\/#\/schema\/logo\/image\/","url":"https:\/\/urmepeplay.ro\/wp-content\/uploads\/2020\/02\/new-logo-big.svg","contentUrl":"https:\/\/urmepeplay.ro\/wp-content\/uploads\/2020\/02\/new-logo-big.svg","width":320,"height":82,"caption":"Urme pe play"},"image":{"@id":"https:\/\/urmepeplay.ro\/en\/#\/schema\/logo\/image\/"},"sameAs":["https:\/\/www.facebook.com\/@UrmePePlay\/","https:\/\/www.instagram.com\/urmepeplay","https:\/\/www.youtube.com\/@UrmepePlay"]}]}},"_links":{"self":[{"href":"https:\/\/urmepeplay.ro\/en\/wp-json\/wp\/v2\/pages\/7322","targetHints":{"allow":["GET"]}}],"collection":[{"href":"https:\/\/urmepeplay.ro\/en\/wp-json\/wp\/v2\/pages"}],"about":[{"href":"https:\/\/urmepeplay.ro\/en\/wp-json\/wp\/v2\/types\/page"}],"author":[{"embeddable":true,"href":"https:\/\/urmepeplay.ro\/en\/wp-json\/wp\/v2\/users\/2"}],"replies":[{"embeddable":true,"href":"https:\/\/urmepeplay.ro\/en\/wp-json\/wp\/v2\/comments?post=7322"}],"version-history":[{"count":7,"href":"https:\/\/urmepeplay.ro\/en\/wp-json\/wp\/v2\/pages\/7322\/revisions"}],"predecessor-version":[{"id":7331,"href":"https:\/\/urmepeplay.ro\/en\/wp-json\/wp\/v2\/pages\/7322\/revisions\/7331"}],"wp:attachment":[{"href":"https:\/\/urmepeplay.ro\/en\/wp-json\/wp\/v2\/media?parent=7322"}],"curies":[{"name":"wp","href":"https:\/\/api.w.org\/{rel}","templated":true}]}}