{"id":9312,"date":"2026-02-03T17:35:41","date_gmt":"2026-02-03T15:35:41","guid":{"rendered":"https:\/\/urmepeplay.ro\/?page_id=9312"},"modified":"2026-04-25T16:41:09","modified_gmt":"2026-04-25T14:41:09","slug":"program","status":"publish","type":"page","link":"https:\/\/urmepeplay.ro\/en\/program\/","title":{"rendered":"Schedule"},"content":{"rendered":"<div data-elementor-type=\"wp-page\" data-elementor-id=\"9312\" class=\"elementor elementor-9312\">\n\t\t\t\t\t\t<section class=\"elementor-section elementor-top-section elementor-element elementor-element-d08adda elementor-section-full_width elementor-section-height-default elementor-section-height-default\" data-id=\"d08adda\" data-element_type=\"section\" data-e-type=\"section\">\n\t\t\t\t\t\t<div class=\"elementor-container elementor-column-gap-extended\">\n\t\t\t\t\t<div class=\"elementor-column elementor-col-100 elementor-top-column elementor-element elementor-element-4cea45f sc_inner_width_none sc_layouts_column_icons_position_left\" data-id=\"4cea45f\" data-element_type=\"column\" data-e-type=\"column\">\n\t\t\t<div class=\"elementor-widget-wrap elementor-element-populated\">\n\t\t\t\t\t\t<div class=\"elementor-element elementor-element-d206c07 elementor-widget elementor-widget-heading\" data-id=\"d206c07\" data-element_type=\"widget\" data-e-type=\"widget\" data-widget_type=\"heading.default\">\n\t\t\t\t<div class=\"elementor-widget-container\">\n\t\t\t\t\t<h2 class=\"elementor-heading-title elementor-size-default\">Schedule<\/h2>\t\t\t\t<\/div>\n\t\t\t\t<\/div>\n\t\t\t\t\t<\/div>\n\t\t<\/div>\n\t\t\t\t\t<\/div>\n\t\t<\/section>\n\t\t\t\t<section class=\"elementor-section elementor-top-section elementor-element elementor-element-ef2e75d elementor-section-full_width elementor-section-height-default elementor-section-height-default\" data-id=\"ef2e75d\" data-element_type=\"section\" data-e-type=\"section\">\n\t\t\t\t\t\t<div class=\"elementor-container elementor-column-gap-extended\">\n\t\t\t\t\t<div class=\"elementor-column elementor-col-100 elementor-top-column elementor-element elementor-element-f868aa8 sc_inner_width_none sc_layouts_column_icons_position_left\" data-id=\"f868aa8\" data-element_type=\"column\" data-e-type=\"column\">\n\t\t\t<div class=\"elementor-widget-wrap elementor-element-populated\">\n\t\t\t\t\t\t<div class=\"elementor-element elementor-element-895285e elementor-widget elementor-widget-text-editor\" data-id=\"895285e\" data-element_type=\"widget\" data-e-type=\"widget\" data-widget_type=\"text-editor.default\">\n\t\t\t\t<div class=\"elementor-widget-container\">\n\t\t\t\t\t\t\t\t\t<h5>Programul <strong>competi\u021biei<\/strong> Urme pe Play 2026<\/h5>\t\t\t\t\t\t\t\t<\/div>\n\t\t\t\t<\/div>\n\t\t\t\t\t<\/div>\n\t\t<\/div>\n\t\t\t\t\t<\/div>\n\t\t<\/section>\n\t\t\t\t<section class=\"elementor-section elementor-top-section elementor-element elementor-element-f33941b elementor-section-full_width elementor-section-height-default elementor-section-height-default\" data-id=\"f33941b\" data-element_type=\"section\" data-e-type=\"section\">\n\t\t\t\t\t\t<div class=\"elementor-container elementor-column-gap-extended\">\n\t\t\t\t\t<div class=\"elementor-column elementor-col-100 elementor-top-column elementor-element elementor-element-4c05424 sc_inner_width_none sc_layouts_column_icons_position_left\" data-id=\"4c05424\" data-element_type=\"column\" data-e-type=\"column\">\n\t\t\t<div class=\"elementor-widget-wrap elementor-element-populated\">\n\t\t\t\t\t\t<div class=\"elementor-element elementor-element-cb1b1f4 elementor-widget elementor-widget-heading\" data-id=\"cb1b1f4\" data-element_type=\"widget\" data-e-type=\"widget\" data-widget_type=\"heading.default\">\n\t\t\t\t<div class=\"elementor-widget-container\">\n\t\t\t\t\t<h6 class=\"elementor-heading-title elementor-size-default\">Friday, <span>24.04<\/span><\/h6>\t\t\t\t<\/div>\n\t\t\t\t<\/div>\n\t\t\t\t<div class=\"elementor-element elementor-element-650113c elementor-widget elementor-widget-text-editor\" data-id=\"650113c\" data-element_type=\"widget\" data-e-type=\"widget\" data-widget_type=\"text-editor.default\">\n\t\t\t\t<div class=\"elementor-widget-container\">\n\t\t\t\t\t\t\t\t\t<ul><li>18:00 \u2013 21:00: Race kit pick up<\/li><\/ul>\t\t\t\t\t\t\t\t<\/div>\n\t\t\t\t<\/div>\n\t\t\t\t\t<\/div>\n\t\t<\/div>\n\t\t\t\t\t<\/div>\n\t\t<\/section>\n\t\t\t\t<section class=\"elementor-section elementor-top-section elementor-element elementor-element-c6da93c elementor-section-full_width elementor-section-height-default elementor-section-height-default\" data-id=\"c6da93c\" data-element_type=\"section\" data-e-type=\"section\">\n\t\t\t\t\t\t<div class=\"elementor-container elementor-column-gap-extended\">\n\t\t\t\t\t<div class=\"elementor-column elementor-col-100 elementor-top-column elementor-element elementor-element-837073c sc_inner_width_none sc_layouts_column_icons_position_left\" data-id=\"837073c\" data-element_type=\"column\" data-e-type=\"column\">\n\t\t\t<div class=\"elementor-widget-wrap elementor-element-populated\">\n\t\t\t\t\t\t<div class=\"elementor-element elementor-element-dd67f29 elementor-widget elementor-widget-heading\" data-id=\"dd67f29\" data-element_type=\"widget\" data-e-type=\"widget\" data-widget_type=\"heading.default\">\n\t\t\t\t<div class=\"elementor-widget-container\">\n\t\t\t\t\t<h6 class=\"elementor-heading-title elementor-size-default\">Saturday, <span>25.04<\/span><\/h6>\t\t\t\t<\/div>\n\t\t\t\t<\/div>\n\t\t\t\t<div class=\"elementor-element elementor-element-3c6a7e3 elementor-widget elementor-widget-text-editor\" data-id=\"3c6a7e3\" data-element_type=\"widget\" data-e-type=\"widget\" data-widget_type=\"text-editor.default\">\n\t\t\t\t<div class=\"elementor-widget-container\">\n\t\t\t\t\t\t\t\t\t<p>\u00a0<\/p><ul><li>07:00 \u2013 18:00: Race kit pick up<\/li><li>08:00: Start ULTRA<\/li><li>09:00: Start Maraton<\/li><li>17:00: Premiere Maraton<\/li><li>18:00: Premiere Ultra<\/li><\/ul>\t\t\t\t\t\t\t\t<\/div>\n\t\t\t\t<\/div>\n\t\t\t\t\t<\/div>\n\t\t<\/div>\n\t\t\t\t\t<\/div>\n\t\t<\/section>\n\t\t\t\t<section class=\"elementor-section elementor-top-section elementor-element elementor-element-10c2637 elementor-section-full_width elementor-section-height-default elementor-section-height-default\" data-id=\"10c2637\" data-element_type=\"section\" data-e-type=\"section\">\n\t\t\t\t\t\t<div class=\"elementor-container elementor-column-gap-extended\">\n\t\t\t\t\t<div class=\"elementor-column elementor-col-100 elementor-top-column elementor-element elementor-element-9d73666 sc_inner_width_none sc_layouts_column_icons_position_left\" data-id=\"9d73666\" data-element_type=\"column\" data-e-type=\"column\">\n\t\t\t<div class=\"elementor-widget-wrap elementor-element-populated\">\n\t\t\t\t\t\t<div class=\"elementor-element elementor-element-50c2a84 elementor-widget elementor-widget-heading\" data-id=\"50c2a84\" data-element_type=\"widget\" data-e-type=\"widget\" data-widget_type=\"heading.default\">\n\t\t\t\t<div class=\"elementor-widget-container\">\n\t\t\t\t\t<h6 class=\"elementor-heading-title elementor-size-default\">Sunday, <span>26.04<\/span><\/h6>\t\t\t\t<\/div>\n\t\t\t\t<\/div>\n\t\t\t\t<div class=\"elementor-element elementor-element-79d1529 elementor-widget elementor-widget-text-editor\" data-id=\"79d1529\" data-element_type=\"widget\" data-e-type=\"widget\" data-widget_type=\"text-editor.default\">\n\t\t\t\t<div class=\"elementor-widget-container\">\n\t\t\t\t\t\t\t\t\t<ul><li><strong>*<\/strong>07:00 \u2013 09:30: Race kit pick up<\/li><li>09:30: Start Semi<\/li><li>10:00: Start Cros<\/li><li>10:10: Start Fugu\u021b<\/li><li>14:00: Premiere Fugu\u021b, Cros, Semi<\/li><li>12:00 &#8211; 17:00: Brunch<\/li><li>16:00: Start Copii 4-6 ani<\/li><li>16:15: Start Copii 7 -9 ani<\/li><li>16:30: Start Copii 10-13 ani<\/li><li>17:00: Premiere Cursele Copiilor<\/li><\/ul><p class=\"translation-block\"><strong>*<\/strong> <strong>Only<\/strong> for those <strong>outside Sibiu County<\/strong> who cannot make it on Saturday<\/p>\t\t\t\t\t\t\t\t<\/div>\n\t\t\t\t<\/div>\n\t\t\t\t\t<\/div>\n\t\t<\/div>\n\t\t\t\t\t<\/div>\n\t\t<\/section>\n\t\t\t\t<section class=\"elementor-section elementor-top-section elementor-element elementor-element-b6cdb3b elementor-section-full_width elementor-section-height-default elementor-section-height-default\" data-id=\"b6cdb3b\" data-element_type=\"section\" data-e-type=\"section\">\n\t\t\t\t\t\t<div class=\"elementor-container elementor-column-gap-extended\">\n\t\t\t\t\t<div class=\"elementor-column elementor-col-100 elementor-top-column elementor-element elementor-element-d37b5ab sc_inner_width_none sc_layouts_column_icons_position_left\" data-id=\"d37b5ab\" data-element_type=\"column\" data-e-type=\"column\">\n\t\t\t<div class=\"elementor-widget-wrap elementor-element-populated\">\n\t\t\t\t\t\t<div class=\"elementor-element elementor-element-3ad2311 elementor-widget elementor-widget-text-editor\" data-id=\"3ad2311\" data-element_type=\"widget\" data-e-type=\"widget\" data-widget_type=\"text-editor.default\">\n\t\t\t\t<div class=\"elementor-widget-container\">\n\t\t\t\t\t\t\t\t\t<h5>Programul <strong>cultural<\/strong> Urme pe Play 2026<\/h5>\t\t\t\t\t\t\t\t<\/div>\n\t\t\t\t<\/div>\n\t\t\t\t\t<\/div>\n\t\t<\/div>\n\t\t\t\t\t<\/div>\n\t\t<\/section>\n\t\t\t\t<section class=\"elementor-section elementor-top-section elementor-element elementor-element-684753f elementor-section-full_width elementor-section-height-default elementor-section-height-default\" data-id=\"684753f\" data-element_type=\"section\" data-e-type=\"section\">\n\t\t\t\t\t\t<div class=\"elementor-container elementor-column-gap-extended\">\n\t\t\t\t\t<div class=\"elementor-column elementor-col-100 elementor-top-column elementor-element elementor-element-69019ce sc_inner_width_none sc_layouts_column_icons_position_left\" data-id=\"69019ce\" data-element_type=\"column\" data-e-type=\"column\">\n\t\t\t<div class=\"elementor-widget-wrap elementor-element-populated\">\n\t\t\t\t\t\t<div class=\"elementor-element elementor-element-eb7e9f2 elementor-widget elementor-widget-heading\" data-id=\"eb7e9f2\" data-element_type=\"widget\" data-e-type=\"widget\" data-widget_type=\"heading.default\">\n\t\t\t\t<div class=\"elementor-widget-container\">\n\t\t\t\t\t<h6 class=\"elementor-heading-title elementor-size-default\">Saturday, <span>25.04<\/span><\/h6>\t\t\t\t<\/div>\n\t\t\t\t<\/div>\n\t\t\t\t<div class=\"elementor-element elementor-element-f03407f elementor-widget elementor-widget-text-editor\" data-id=\"f03407f\" data-element_type=\"widget\" data-e-type=\"widget\" data-widget_type=\"text-editor.default\">\n\t\t\t\t<div class=\"elementor-widget-container\">\n\t\t\t\t\t\t\t\t\t<ul><li>08:30: Drume\u021bie ghidat\u0103 pe Vf. Prejba<\/li><li>12:00: Drume\u021bie ghidat\u0103 la C\u0103su\u021ba MGS<\/li><li>12:00 &#8211; 17:00: Mic T\u00e2rg de produse dinMarginime<\/li><li>13:00: Pies\u0103 de teatru: &#8222;Pus la punct&#8221;<\/li><li>15:15: Concert: Crocodile Paradox<\/li><\/ul>\t\t\t\t\t\t\t\t<\/div>\n\t\t\t\t<\/div>\n\t\t\t\t\t<\/div>\n\t\t<\/div>\n\t\t\t\t\t<\/div>\n\t\t<\/section>\n\t\t\t\t<section class=\"elementor-section elementor-top-section elementor-element elementor-element-c3c843f elementor-section-full_width elementor-section-height-default elementor-section-height-default\" data-id=\"c3c843f\" data-element_type=\"section\" data-e-type=\"section\">\n\t\t\t\t\t\t<div class=\"elementor-container elementor-column-gap-extended\">\n\t\t\t\t\t<div class=\"elementor-column elementor-col-100 elementor-top-column elementor-element elementor-element-fd0d1ac sc_inner_width_none sc_layouts_column_icons_position_left\" data-id=\"fd0d1ac\" data-element_type=\"column\" data-e-type=\"column\">\n\t\t\t<div class=\"elementor-widget-wrap elementor-element-populated\">\n\t\t\t\t\t\t<div class=\"elementor-element elementor-element-376236a elementor-widget elementor-widget-heading\" data-id=\"376236a\" data-element_type=\"widget\" data-e-type=\"widget\" data-widget_type=\"heading.default\">\n\t\t\t\t<div class=\"elementor-widget-container\">\n\t\t\t\t\t<h6 class=\"elementor-heading-title elementor-size-default\">Sunday, <span>26.04<\/span><\/h6>\t\t\t\t<\/div>\n\t\t\t\t<\/div>\n\t\t\t\t<div class=\"elementor-element elementor-element-e26054f elementor-widget elementor-widget-text-editor\" data-id=\"e26054f\" data-element_type=\"widget\" data-e-type=\"widget\" data-widget_type=\"text-editor.default\">\n\t\t\t\t<div class=\"elementor-widget-container\">\n\t\t\t\t\t\t\t\t\t<ul>\n<li>09:00: Drume\u021bie ghidat\u0103 la C\u0103su\u021ba MGS<\/li>\n<li>09:30: Drume\u021bie ghidat\u0103 la &#8222;Fraga&#8221;<\/li>\n<li>12:00 &#8211; 17:00: Mic T\u00e2rg de produse dinM\u0103rginime<\/li>\n<li style=\"font-size: 16px; margin: 2px 0px;\">12:00 &#8211; 17:00: Brunch<\/li>\n<\/ul>\t\t\t\t\t\t\t\t<\/div>\n\t\t\t\t<\/div>\n\t\t\t\t\t<\/div>\n\t\t<\/div>\n\t\t\t\t\t<\/div>\n\t\t<\/section>\n\t\t\t\t<\/div>","protected":false},"excerpt":{"rendered":"<p>Program Programul competi\u021biei Urme pe Play 2026 Vineri, 24.04 18:00 &#8211; 21:00: predare kituri S\u00e2mb\u0103t\u0103, 25.04 \u00a0 07:00 &#8211; 18:00: Predare kituri&hellip;<\/p>","protected":false},"author":2,"featured_media":0,"parent":0,"menu_order":0,"comment_status":"closed","ping_status":"closed","template":"","meta":{"footnotes":""},"class_list":["post-9312","page","type-page","status-publish","hentry"],"yoast_head":"<!-- This site is optimized with the Yoast SEO plugin v27.5 - https:\/\/yoast.com\/product\/yoast-seo-wordpress\/ -->\n<title>Program - Urme pe play<\/title>\n<meta name=\"robots\" content=\"index, follow, max-snippet:-1, max-image-preview:large, max-video-preview:-1\" \/>\n<link rel=\"canonical\" href=\"https:\/\/urmepeplay.ro\/en\/program\/\" \/>\n<meta property=\"og:locale\" content=\"en_US\" \/>\n<meta property=\"og:type\" content=\"article\" \/>\n<meta property=\"og:title\" content=\"Program - Urme pe play\" \/>\n<meta property=\"og:description\" content=\"Program Programul competi\u021biei Urme pe Play 2026 Vineri, 24.04 18:00 &#8211; 21:00: predare kituri S\u00e2mb\u0103t\u0103, 25.04 \u00a0 07:00 &#8211; 18:00: Predare kituri&hellip;\" \/>\n<meta property=\"og:url\" content=\"https:\/\/urmepeplay.ro\/en\/program\/\" \/>\n<meta property=\"og:site_name\" content=\"Urme pe play\" \/>\n<meta property=\"article:publisher\" content=\"https:\/\/www.facebook.com\/@UrmePePlay\/\" \/>\n<meta property=\"article:modified_time\" content=\"2026-04-25T14:41:09+00:00\" \/>\n<meta name=\"twitter:card\" content=\"summary_large_image\" \/>\n<meta name=\"twitter:label1\" content=\"Est. reading time\" \/>\n\t<meta name=\"twitter:data1\" content=\"1 minute\" \/>\n<script type=\"application\/ld+json\" class=\"yoast-schema-graph\">{\"@context\":\"https:\\\/\\\/schema.org\",\"@graph\":[{\"@type\":\"WebPage\",\"@id\":\"https:\\\/\\\/urmepeplay.ro\\\/program\\\/\",\"url\":\"https:\\\/\\\/urmepeplay.ro\\\/program\\\/\",\"name\":\"Program - Urme pe play\",\"isPartOf\":{\"@id\":\"https:\\\/\\\/urmepeplay.ro\\\/en\\\/#website\"},\"datePublished\":\"2026-02-03T15:35:41+00:00\",\"dateModified\":\"2026-04-25T14:41:09+00:00\",\"breadcrumb\":{\"@id\":\"https:\\\/\\\/urmepeplay.ro\\\/program\\\/#breadcrumb\"},\"inLanguage\":\"en-US\",\"potentialAction\":[{\"@type\":\"ReadAction\",\"target\":[\"https:\\\/\\\/urmepeplay.ro\\\/program\\\/\"]}]},{\"@type\":\"BreadcrumbList\",\"@id\":\"https:\\\/\\\/urmepeplay.ro\\\/program\\\/#breadcrumb\",\"itemListElement\":[{\"@type\":\"ListItem\",\"position\":1,\"name\":\"Home\",\"item\":\"https:\\\/\\\/urmepeplay.ro\\\/\"},{\"@type\":\"ListItem\",\"position\":2,\"name\":\"Program\"}]},{\"@type\":\"WebSite\",\"@id\":\"https:\\\/\\\/urmepeplay.ro\\\/en\\\/#website\",\"url\":\"https:\\\/\\\/urmepeplay.ro\\\/en\\\/\",\"name\":\"Urme pe play\",\"description\":\"Urme pe play\",\"publisher\":{\"@id\":\"https:\\\/\\\/urmepeplay.ro\\\/en\\\/#organization\"},\"potentialAction\":[{\"@type\":\"SearchAction\",\"target\":{\"@type\":\"EntryPoint\",\"urlTemplate\":\"https:\\\/\\\/urmepeplay.ro\\\/en\\\/?s={search_term_string}\"},\"query-input\":{\"@type\":\"PropertyValueSpecification\",\"valueRequired\":true,\"valueName\":\"search_term_string\"}}],\"inLanguage\":\"en-US\"},{\"@type\":\"Organization\",\"@id\":\"https:\\\/\\\/urmepeplay.ro\\\/en\\\/#organization\",\"name\":\"Urme pe play\",\"url\":\"https:\\\/\\\/urmepeplay.ro\\\/en\\\/\",\"logo\":{\"@type\":\"ImageObject\",\"inLanguage\":\"en-US\",\"@id\":\"https:\\\/\\\/urmepeplay.ro\\\/en\\\/#\\\/schema\\\/logo\\\/image\\\/\",\"url\":\"https:\\\/\\\/urmepeplay.ro\\\/wp-content\\\/uploads\\\/2020\\\/02\\\/new-logo-big.svg\",\"contentUrl\":\"https:\\\/\\\/urmepeplay.ro\\\/wp-content\\\/uploads\\\/2020\\\/02\\\/new-logo-big.svg\",\"width\":320,\"height\":82,\"caption\":\"Urme pe play\"},\"image\":{\"@id\":\"https:\\\/\\\/urmepeplay.ro\\\/en\\\/#\\\/schema\\\/logo\\\/image\\\/\"},\"sameAs\":[\"https:\\\/\\\/www.facebook.com\\\/@UrmePePlay\\\/\",\"https:\\\/\\\/www.instagram.com\\\/urmepeplay\",\"https:\\\/\\\/www.youtube.com\\\/@UrmepePlay\"]}]}<\/script>\n<!-- \/ Yoast SEO plugin. -->","yoast_head_json":{"title":"Program - Urme pe play","robots":{"index":"index","follow":"follow","max-snippet":"max-snippet:-1","max-image-preview":"max-image-preview:large","max-video-preview":"max-video-preview:-1"},"canonical":"https:\/\/urmepeplay.ro\/en\/program\/","og_locale":"en_US","og_type":"article","og_title":"Program - Urme pe play","og_description":"Program Programul competi\u021biei Urme pe Play 2026 Vineri, 24.04 18:00 &#8211; 21:00: predare kituri S\u00e2mb\u0103t\u0103, 25.04 \u00a0 07:00 &#8211; 18:00: Predare kituri&hellip;","og_url":"https:\/\/urmepeplay.ro\/en\/program\/","og_site_name":"Urme pe play","article_publisher":"https:\/\/www.facebook.com\/@UrmePePlay\/","article_modified_time":"2026-04-25T14:41:09+00:00","twitter_card":"summary_large_image","twitter_misc":{"Est. reading time":"1 minute"},"schema":{"@context":"https:\/\/schema.org","@graph":[{"@type":"WebPage","@id":"https:\/\/urmepeplay.ro\/program\/","url":"https:\/\/urmepeplay.ro\/program\/","name":"Program - Urme pe play","isPartOf":{"@id":"https:\/\/urmepeplay.ro\/en\/#website"},"datePublished":"2026-02-03T15:35:41+00:00","dateModified":"2026-04-25T14:41:09+00:00","breadcrumb":{"@id":"https:\/\/urmepeplay.ro\/program\/#breadcrumb"},"inLanguage":"en-US","potentialAction":[{"@type":"ReadAction","target":["https:\/\/urmepeplay.ro\/program\/"]}]},{"@type":"BreadcrumbList","@id":"https:\/\/urmepeplay.ro\/program\/#breadcrumb","itemListElement":[{"@type":"ListItem","position":1,"name":"Home","item":"https:\/\/urmepeplay.ro\/"},{"@type":"ListItem","position":2,"name":"Program"}]},{"@type":"WebSite","@id":"https:\/\/urmepeplay.ro\/en\/#website","url":"https:\/\/urmepeplay.ro\/en\/","name":"Urme pe play","description":"Urme pe play","publisher":{"@id":"https:\/\/urmepeplay.ro\/en\/#organization"},"potentialAction":[{"@type":"SearchAction","target":{"@type":"EntryPoint","urlTemplate":"https:\/\/urmepeplay.ro\/en\/?s={search_term_string}"},"query-input":{"@type":"PropertyValueSpecification","valueRequired":true,"valueName":"search_term_string"}}],"inLanguage":"en-US"},{"@type":"Organization","@id":"https:\/\/urmepeplay.ro\/en\/#organization","name":"Urme pe play","url":"https:\/\/urmepeplay.ro\/en\/","logo":{"@type":"ImageObject","inLanguage":"en-US","@id":"https:\/\/urmepeplay.ro\/en\/#\/schema\/logo\/image\/","url":"https:\/\/urmepeplay.ro\/wp-content\/uploads\/2020\/02\/new-logo-big.svg","contentUrl":"https:\/\/urmepeplay.ro\/wp-content\/uploads\/2020\/02\/new-logo-big.svg","width":320,"height":82,"caption":"Urme pe play"},"image":{"@id":"https:\/\/urmepeplay.ro\/en\/#\/schema\/logo\/image\/"},"sameAs":["https:\/\/www.facebook.com\/@UrmePePlay\/","https:\/\/www.instagram.com\/urmepeplay","https:\/\/www.youtube.com\/@UrmepePlay"]}]}},"_links":{"self":[{"href":"https:\/\/urmepeplay.ro\/en\/wp-json\/wp\/v2\/pages\/9312","targetHints":{"allow":["GET"]}}],"collection":[{"href":"https:\/\/urmepeplay.ro\/en\/wp-json\/wp\/v2\/pages"}],"about":[{"href":"https:\/\/urmepeplay.ro\/en\/wp-json\/wp\/v2\/types\/page"}],"author":[{"embeddable":true,"href":"https:\/\/urmepeplay.ro\/en\/wp-json\/wp\/v2\/users\/2"}],"replies":[{"embeddable":true,"href":"https:\/\/urmepeplay.ro\/en\/wp-json\/wp\/v2\/comments?post=9312"}],"version-history":[{"count":31,"href":"https:\/\/urmepeplay.ro\/en\/wp-json\/wp\/v2\/pages\/9312\/revisions"}],"predecessor-version":[{"id":9611,"href":"https:\/\/urmepeplay.ro\/en\/wp-json\/wp\/v2\/pages\/9312\/revisions\/9611"}],"wp:attachment":[{"href":"https:\/\/urmepeplay.ro\/en\/wp-json\/wp\/v2\/media?parent=9312"}],"curies":[{"name":"wp","href":"https:\/\/api.w.org\/{rel}","templated":true}]}}