{"id":9518,"date":"2026-04-18T14:47:49","date_gmt":"2026-04-18T12:47:49","guid":{"rendered":"https:\/\/urmepeplay.ro\/?page_id=9518"},"modified":"2026-04-18T14:54:53","modified_gmt":"2026-04-18T12:54:53","slug":"regulament-campionat-national","status":"publish","type":"page","link":"https:\/\/urmepeplay.ro\/en\/regulament-campionat-national\/","title":{"rendered":"Regulament Campionat Na\u021bional"},"content":{"rendered":"<div data-elementor-type=\"wp-page\" data-elementor-id=\"9518\" class=\"elementor elementor-9518\">\n\t\t\t\t\t\t<section class=\"elementor-section elementor-top-section elementor-element elementor-element-722e599 elementor-section-full_width elementor-section-height-default elementor-section-height-default\" data-id=\"722e599\" data-element_type=\"section\" data-e-type=\"section\">\n\t\t\t\t\t\t<div class=\"elementor-container elementor-column-gap-extended\">\n\t\t\t\t\t<div class=\"elementor-column elementor-col-100 elementor-top-column elementor-element elementor-element-440f7dc sc_inner_width_none sc_layouts_column_icons_position_left\" data-id=\"440f7dc\" data-element_type=\"column\" data-e-type=\"column\">\n\t\t\t<div class=\"elementor-widget-wrap elementor-element-populated\">\n\t\t\t\t\t\t<div class=\"elementor-element elementor-element-50eafda elementor-widget elementor-widget-heading\" data-id=\"50eafda\" data-element_type=\"widget\" data-e-type=\"widget\" data-widget_type=\"heading.default\">\n\t\t\t\t<div class=\"elementor-widget-container\">\n\t\t\t\t\t<h2 class=\"elementor-heading-title elementor-size-default\">Rules<\/h2>\t\t\t\t<\/div>\n\t\t\t\t<\/div>\n\t\t\t\t<div class=\"elementor-element elementor-element-f8b9f75 elementor-widget elementor-widget-heading\" data-id=\"f8b9f75\" data-element_type=\"widget\" data-e-type=\"widget\" data-widget_type=\"heading.default\">\n\t\t\t\t<div class=\"elementor-widget-container\">\n\t\t\t\t\t<h5 class=\"elementor-heading-title elementor-size-default\">Campionatele Na\u021bionale de Alergare Montan\u0103 TRAIL\nData 25.04.2026\n<\/h5>\t\t\t\t<\/div>\n\t\t\t\t<\/div>\n\t\t\t\t\t<\/div>\n\t\t<\/div>\n\t\t\t\t\t<\/div>\n\t\t<\/section>\n\t\t\t\t<section class=\"elementor-section elementor-top-section elementor-element elementor-element-c8baab0 elementor-section-boxed elementor-section-height-default elementor-section-height-default\" data-id=\"c8baab0\" data-element_type=\"section\" data-e-type=\"section\">\n\t\t\t\t\t\t<div class=\"elementor-container elementor-column-gap-extended\">\n\t\t\t\t\t<div class=\"elementor-column elementor-col-100 elementor-top-column elementor-element elementor-element-3a1c912 sc_inner_width_none sc_layouts_column_icons_position_left\" data-id=\"3a1c912\" data-element_type=\"column\" data-e-type=\"column\">\n\t\t\t<div class=\"elementor-widget-wrap elementor-element-populated\">\n\t\t\t\t\t\t<div class=\"elementor-element elementor-element-4851912 elementor-widget elementor-widget-text-editor\" data-id=\"4851912\" data-element_type=\"widget\" data-e-type=\"widget\" data-widget_type=\"text-editor.default\">\n\t\t\t\t<div class=\"elementor-widget-container\">\n\t\t\t\t\t\t\t\t\t<p><strong>Loca\u021bie: <\/strong><strong>Rasinari<\/strong><strong>, jude\u021bul <\/strong><strong>Sibiu<\/strong><\/p>\n<p>INFORMA\u021aII GENERALE<\/p>\n<p>Organizatori:<\/p>\n<p>Federa\u021bia Rom\u00e2n\u0103 de Atletism (F.R.A.) \u00eempreuna cu Clubul sportiv montan Sibiu<\/p>\n<p>Site-ul competi\u021biei: <a href=\"http:\/\/www.fra.ro\">www.fra.ro<\/a>&nbsp;&nbsp; <a href=\"http:\/\/urmepeplay.ro\/en\/\">www.urmepeplay.ro<\/a><\/p>\n<p><u>Program eveniment:<\/u><\/p>\n<p>Vineri 24.04,2026, Rasinari<\/p>\n<p>Ora 19;30 \u2013 sedinta tehnica, verificarea legitima\u021biilor cu viz\u0103 anual\u0103, viz\u0103 medical\u0103, achitarea taxei de participare a concurentilor \u00eenscri\u0219i \u0219i semnarea componen\u021belor echipelor.<\/p>\n<p>Sambata 25.04.2026<\/p>\n<p>09:00 &#8211; Start Seniori si U23 feminin &amp; masculin<\/p>\n<p>17:00 &#8211; Festivitatea de premiere<\/p>\n<p><u>Informa\u021bii Tehnice:<\/u><\/p>\n<p>Echipele pot fi formate din maxim 4 atlet\u0327i s\u0326i minim 3, din care puncteaza\u0306 primii 3 atlet\u0327i, i\u0302n ordinea sosirii. Fiecare echip\u0103 va avea punctajul stabilit prin \u00eensumarea timpilor &nbsp;obtinuti &nbsp;de cei mai bine clasa\u021bi 3 (trei) atle\u021bi ai s\u0103i.<\/p>\n<p>Echipele vor fi clasificate \u00een func\u021bie de timpul total ob\u021binut, echipa cu cel mai mic timp cumulat fiind declarat\u0103 c\u00e2\u0219tig\u0103toare, urmat\u0103 de celelalte echipe \u00een ordine cresc\u0103toare a timpului obtinut..<\/p>\n<p>Departajarea \u00een caz de egalitate<\/p>\n<p>\u00cen caz de egalitate \u00eentre echipe, clasamentul va fi decis \u00een favoarea echipei al c\u0103rei ultim atlet punctat (al treilea) se claseaz\u0103 cel mai aproape de primul loc.<\/p>\n<p>Echipament obligatoriu:<\/p>\n<ul>\n<li>incaltaminte sport cu talpa profilata<\/li>\n<li>Geaca impermeabila foita de vant<\/li>\n<li>bidon de apa obligatoriu ,nu vor exista pahare in punctele de revitalizare.<\/li>\n<\/ul>Echipament recomandat:<ul>\n<li>Bete trekking<\/li>\n<li>fluier<\/li>\n<li>telefon mobil<\/li>\n<li>Asistenta tehnica din exterior este permisa doar in punctele de revitalizare special amenajate.<\/li>\n<li>Betele de trekking pot fi luate si lasate doar din punctele de control prevazute cu arbitrii<\/li>\n<li>Participantii la campionatul national de trail sunt obligati sa respecte regulile si regulamentele WADA si sa se supuna controlului doping de indata ce este solicitat de catre ofiterii agentiei.<\/li>\n<\/ul>\n<p>\u00censcrierile se fac pa\u0302na la data de 15.04.2026 orele 24:00, direct pe site-ul F.R.A., <a href=\"http:\/\/www.fra.ro\">http:\/\/www.fra.ro<\/a>&nbsp; la sect\u0326iunea i\u0302nscrieri, prin selectarea competit\u0326iei \u0219i probei fiecarei categorii.<\/p>\n<p>Fiecare sportiv va concura cu num\u0103r de concurs personalizat eliberat de c\u0103tre organizator \u00een preziua competi\u021biei.<\/p>\n<p>Sportivii \u00eenscri\u0219i la Campionatele Na\u021bionale vor fi \u00eenscri\u0219i automat la cursa Urme pe Play din 25.04.2026 cu condi\u021bia ca sportivii s\u0103 fie \u00eenscri\u0219i p\u00e2n\u0103 \u00een 15.04.2026 \u00een cadrul Campionatului Na\u021bional.<\/p><p>Call Room: prezenta la start se va face cu 30 de minute inaitea startului.<\/p>\n<p><strong>Races <\/strong><strong>Trail<\/strong><\/p>\n<p>Traseul se desfasoara pe o distanta de 40,9 km cu 2560&nbsp; m diferenta de nivel<\/p>\n<p><strong>&nbsp;<\/strong><\/p>\n<p><strong>Organigrama:<\/strong><\/p>\n<table>\n<tbody>\n<tr>\n<td width=\"270\">\n<p>Pozi\u021bie<\/p>\n<\/td>\n<td width=\"210\">\n<p>Nume &amp; prenume<\/p>\n<\/td>\n<td width=\"144\">\n<p>Phone<\/p>\n<\/td>\n<\/tr>\n<tr>\n<td width=\"270\">\n<p>Director de concurs<\/p>\n<\/td>\n<td width=\"210\">\n<p>Morariu Razvan<\/p>\n<\/td>\n<td width=\"144\">\n<p>0799312072<\/p>\n<\/td>\n<\/tr>\n<tr>\n<td width=\"270\">\n<p>Judec\u0103tor arbitru<\/p>\n<\/td>\n<td width=\"210\">\n<p>\u2026.\u2026\u2026\u2026.<\/p>\n<\/td>\n<td width=\"144\">\n<p>\u2026.\u2026<\/p>\n<\/td>\n<\/tr>\n<tr>\n<td width=\"270\">\n<p>Responsabil Alergare Montan\u0103<\/p>\n<\/td>\n<td width=\"210\">\n<p>Galiteanu Ionut Dan<\/p>\n<\/td>\n<td width=\"144\">\n<p>0754491261<\/p>\n<\/td>\n<\/tr>\n<tr>\n<td width=\"270\">\n<p>Cronometraj<\/p>\n<\/td>\n<td width=\"210\">\n<p>Cronometraj.ro<\/p>\n<\/td>\n<td width=\"144\">&nbsp;<\/td>\n<\/tr>\n<tr>\n<td width=\"270\">\n<p>Numar urgenta<\/p>\n<\/td>\n<td width=\"210\">&nbsp;<\/td>\n<td width=\"144\">&nbsp;<\/td>\n<\/tr>\n<\/tbody>\n<\/table>\n<p><u>Cazare:<\/u><\/p>\n<p>Cazarea se face face in pensiunile si hotelurile din orasul Sibiu cat si pensiunile din zona Rasinari. Detalii despre cazare se pot gasi pe site ul competitiei Urme pe play.<\/p>\t\t\t\t\t\t\t\t<\/div>\n\t\t\t\t<\/div>\n\t\t\t\t\t<\/div>\n\t\t<\/div>\n\t\t\t\t\t<\/div>\n\t\t<\/section>\n\t\t\t\t<\/div>","protected":false},"excerpt":{"rendered":"<p>Regulament Campionatele Na\u021bionale de Alergare Montan\u0103 TRAIL Data 25.04.2026 Loca\u021bie: Rasinari, jude\u021bul Sibiu INFORMA\u021aII GENERALE Organizatori: Federa\u021bia Rom\u00e2n\u0103 de Atletism (F.R.A.) \u00eempreuna&hellip;<\/p>","protected":false},"author":2,"featured_media":0,"parent":0,"menu_order":0,"comment_status":"closed","ping_status":"closed","template":"","meta":{"footnotes":""},"class_list":["post-9518","page","type-page","status-publish","hentry"],"yoast_head":"<!-- This site is optimized with the Yoast SEO plugin v27.4 - https:\/\/yoast.com\/product\/yoast-seo-wordpress\/ -->\n<title>Regulament Campionat Na\u021bional - Urme pe play<\/title>\n<meta name=\"robots\" content=\"index, follow, max-snippet:-1, max-image-preview:large, max-video-preview:-1\" \/>\n<link rel=\"canonical\" href=\"https:\/\/urmepeplay.ro\/en\/regulament-campionat-national\/\" \/>\n<meta property=\"og:locale\" content=\"en_US\" \/>\n<meta property=\"og:type\" content=\"article\" \/>\n<meta property=\"og:title\" content=\"Regulament Campionat Na\u021bional - Urme pe play\" \/>\n<meta property=\"og:description\" content=\"Regulament Campionatele Na\u021bionale de Alergare Montan\u0103 TRAIL Data 25.04.2026 Loca\u021bie: Rasinari, jude\u021bul Sibiu INFORMA\u021aII GENERALE Organizatori: Federa\u021bia Rom\u00e2n\u0103 de Atletism (F.R.A.) \u00eempreuna&hellip;\" \/>\n<meta property=\"og:url\" content=\"https:\/\/urmepeplay.ro\/en\/regulament-campionat-national\/\" \/>\n<meta property=\"og:site_name\" content=\"Urme pe play\" \/>\n<meta property=\"article:publisher\" content=\"https:\/\/www.facebook.com\/@UrmePePlay\/\" \/>\n<meta property=\"article:modified_time\" content=\"2026-04-18T12:54:53+00:00\" \/>\n<meta name=\"twitter:card\" content=\"summary_large_image\" \/>\n<meta name=\"twitter:label1\" content=\"Est. reading time\" \/>\n\t<meta name=\"twitter:data1\" content=\"3 minutes\" \/>\n<script type=\"application\/ld+json\" class=\"yoast-schema-graph\">{\"@context\":\"https:\\\/\\\/schema.org\",\"@graph\":[{\"@type\":\"WebPage\",\"@id\":\"https:\\\/\\\/urmepeplay.ro\\\/regulament-campionat-national\\\/\",\"url\":\"https:\\\/\\\/urmepeplay.ro\\\/regulament-campionat-national\\\/\",\"name\":\"Regulament Campionat Na\u021bional - Urme pe play\",\"isPartOf\":{\"@id\":\"https:\\\/\\\/urmepeplay.ro\\\/en\\\/#website\"},\"datePublished\":\"2026-04-18T12:47:49+00:00\",\"dateModified\":\"2026-04-18T12:54:53+00:00\",\"breadcrumb\":{\"@id\":\"https:\\\/\\\/urmepeplay.ro\\\/regulament-campionat-national\\\/#breadcrumb\"},\"inLanguage\":\"en-US\",\"potentialAction\":[{\"@type\":\"ReadAction\",\"target\":[\"https:\\\/\\\/urmepeplay.ro\\\/regulament-campionat-national\\\/\"]}]},{\"@type\":\"BreadcrumbList\",\"@id\":\"https:\\\/\\\/urmepeplay.ro\\\/regulament-campionat-national\\\/#breadcrumb\",\"itemListElement\":[{\"@type\":\"ListItem\",\"position\":1,\"name\":\"Home\",\"item\":\"https:\\\/\\\/urmepeplay.ro\\\/\"},{\"@type\":\"ListItem\",\"position\":2,\"name\":\"Regulament Campionat Na\u021bional\"}]},{\"@type\":\"WebSite\",\"@id\":\"https:\\\/\\\/urmepeplay.ro\\\/en\\\/#website\",\"url\":\"https:\\\/\\\/urmepeplay.ro\\\/en\\\/\",\"name\":\"Urme pe play\",\"description\":\"Urme pe play\",\"publisher\":{\"@id\":\"https:\\\/\\\/urmepeplay.ro\\\/en\\\/#organization\"},\"potentialAction\":[{\"@type\":\"SearchAction\",\"target\":{\"@type\":\"EntryPoint\",\"urlTemplate\":\"https:\\\/\\\/urmepeplay.ro\\\/en\\\/?s={search_term_string}\"},\"query-input\":{\"@type\":\"PropertyValueSpecification\",\"valueRequired\":true,\"valueName\":\"search_term_string\"}}],\"inLanguage\":\"en-US\"},{\"@type\":\"Organization\",\"@id\":\"https:\\\/\\\/urmepeplay.ro\\\/en\\\/#organization\",\"name\":\"Urme pe play\",\"url\":\"https:\\\/\\\/urmepeplay.ro\\\/en\\\/\",\"logo\":{\"@type\":\"ImageObject\",\"inLanguage\":\"en-US\",\"@id\":\"https:\\\/\\\/urmepeplay.ro\\\/en\\\/#\\\/schema\\\/logo\\\/image\\\/\",\"url\":\"https:\\\/\\\/urmepeplay.ro\\\/wp-content\\\/uploads\\\/2020\\\/02\\\/new-logo-big.svg\",\"contentUrl\":\"https:\\\/\\\/urmepeplay.ro\\\/wp-content\\\/uploads\\\/2020\\\/02\\\/new-logo-big.svg\",\"width\":320,\"height\":82,\"caption\":\"Urme pe play\"},\"image\":{\"@id\":\"https:\\\/\\\/urmepeplay.ro\\\/en\\\/#\\\/schema\\\/logo\\\/image\\\/\"},\"sameAs\":[\"https:\\\/\\\/www.facebook.com\\\/@UrmePePlay\\\/\",\"https:\\\/\\\/www.instagram.com\\\/urmepeplay\",\"https:\\\/\\\/www.youtube.com\\\/@UrmepePlay\"]}]}<\/script>\n<!-- \/ Yoast SEO plugin. -->","yoast_head_json":{"title":"Regulament Campionat Na\u021bional - Urme pe play","robots":{"index":"index","follow":"follow","max-snippet":"max-snippet:-1","max-image-preview":"max-image-preview:large","max-video-preview":"max-video-preview:-1"},"canonical":"https:\/\/urmepeplay.ro\/en\/regulament-campionat-national\/","og_locale":"en_US","og_type":"article","og_title":"Regulament Campionat Na\u021bional - Urme pe play","og_description":"Regulament Campionatele Na\u021bionale de Alergare Montan\u0103 TRAIL Data 25.04.2026 Loca\u021bie: Rasinari, jude\u021bul Sibiu INFORMA\u021aII GENERALE Organizatori: Federa\u021bia Rom\u00e2n\u0103 de Atletism (F.R.A.) \u00eempreuna&hellip;","og_url":"https:\/\/urmepeplay.ro\/en\/regulament-campionat-national\/","og_site_name":"Urme pe play","article_publisher":"https:\/\/www.facebook.com\/@UrmePePlay\/","article_modified_time":"2026-04-18T12:54:53+00:00","twitter_card":"summary_large_image","twitter_misc":{"Est. reading time":"3 minutes"},"schema":{"@context":"https:\/\/schema.org","@graph":[{"@type":"WebPage","@id":"https:\/\/urmepeplay.ro\/regulament-campionat-national\/","url":"https:\/\/urmepeplay.ro\/regulament-campionat-national\/","name":"Regulament Campionat Na\u021bional - Urme pe play","isPartOf":{"@id":"https:\/\/urmepeplay.ro\/en\/#website"},"datePublished":"2026-04-18T12:47:49+00:00","dateModified":"2026-04-18T12:54:53+00:00","breadcrumb":{"@id":"https:\/\/urmepeplay.ro\/regulament-campionat-national\/#breadcrumb"},"inLanguage":"en-US","potentialAction":[{"@type":"ReadAction","target":["https:\/\/urmepeplay.ro\/regulament-campionat-national\/"]}]},{"@type":"BreadcrumbList","@id":"https:\/\/urmepeplay.ro\/regulament-campionat-national\/#breadcrumb","itemListElement":[{"@type":"ListItem","position":1,"name":"Home","item":"https:\/\/urmepeplay.ro\/"},{"@type":"ListItem","position":2,"name":"Regulament Campionat Na\u021bional"}]},{"@type":"WebSite","@id":"https:\/\/urmepeplay.ro\/en\/#website","url":"https:\/\/urmepeplay.ro\/en\/","name":"Urme pe play","description":"Urme pe play","publisher":{"@id":"https:\/\/urmepeplay.ro\/en\/#organization"},"potentialAction":[{"@type":"SearchAction","target":{"@type":"EntryPoint","urlTemplate":"https:\/\/urmepeplay.ro\/en\/?s={search_term_string}"},"query-input":{"@type":"PropertyValueSpecification","valueRequired":true,"valueName":"search_term_string"}}],"inLanguage":"en-US"},{"@type":"Organization","@id":"https:\/\/urmepeplay.ro\/en\/#organization","name":"Urme pe play","url":"https:\/\/urmepeplay.ro\/en\/","logo":{"@type":"ImageObject","inLanguage":"en-US","@id":"https:\/\/urmepeplay.ro\/en\/#\/schema\/logo\/image\/","url":"https:\/\/urmepeplay.ro\/wp-content\/uploads\/2020\/02\/new-logo-big.svg","contentUrl":"https:\/\/urmepeplay.ro\/wp-content\/uploads\/2020\/02\/new-logo-big.svg","width":320,"height":82,"caption":"Urme pe play"},"image":{"@id":"https:\/\/urmepeplay.ro\/en\/#\/schema\/logo\/image\/"},"sameAs":["https:\/\/www.facebook.com\/@UrmePePlay\/","https:\/\/www.instagram.com\/urmepeplay","https:\/\/www.youtube.com\/@UrmepePlay"]}]}},"_links":{"self":[{"href":"https:\/\/urmepeplay.ro\/en\/wp-json\/wp\/v2\/pages\/9518","targetHints":{"allow":["GET"]}}],"collection":[{"href":"https:\/\/urmepeplay.ro\/en\/wp-json\/wp\/v2\/pages"}],"about":[{"href":"https:\/\/urmepeplay.ro\/en\/wp-json\/wp\/v2\/types\/page"}],"author":[{"embeddable":true,"href":"https:\/\/urmepeplay.ro\/en\/wp-json\/wp\/v2\/users\/2"}],"replies":[{"embeddable":true,"href":"https:\/\/urmepeplay.ro\/en\/wp-json\/wp\/v2\/comments?post=9518"}],"version-history":[{"count":4,"href":"https:\/\/urmepeplay.ro\/en\/wp-json\/wp\/v2\/pages\/9518\/revisions"}],"predecessor-version":[{"id":9524,"href":"https:\/\/urmepeplay.ro\/en\/wp-json\/wp\/v2\/pages\/9518\/revisions\/9524"}],"wp:attachment":[{"href":"https:\/\/urmepeplay.ro\/en\/wp-json\/wp\/v2\/media?parent=9518"}],"curies":[{"name":"wp","href":"https:\/\/api.w.org\/{rel}","templated":true}]}}